{"id":40,"date":"2020-02-24T03:37:52","date_gmt":"2020-02-24T03:37:52","guid":{"rendered":"https:\/\/old4.commonsupport.com\/rinbuild\/?page_id=40"},"modified":"2026-02-03T07:48:06","modified_gmt":"2026-02-03T07:48:06","slug":"kontakt","status":"publish","type":"page","link":"https:\/\/nupseso.sk\/cs\/kontakt\/","title":{"rendered":"Kontakt"},"content":{"rendered":"<div data-elementor-type=\"wp-page\" data-elementor-id=\"40\" class=\"elementor elementor-40\" data-elementor-post-type=\"page\">\n\t\t\t\t\t\t<section class=\"elementor-section elementor-top-section elementor-element elementor-element-dc02139 mapka elementor-section-boxed elementor-section-height-default elementor-section-height-default\" data-id=\"dc02139\" data-element_type=\"section\" data-settings=\"{&quot;background_background&quot;:&quot;classic&quot;}\">\n\t\t\t\t\t\t<div class=\"elementor-container elementor-column-gap-default\">\n\t\t\t\t\t<div class=\"elementor-column elementor-col-33 elementor-top-column elementor-element elementor-element-329f49a\" data-id=\"329f49a\" data-element_type=\"column\">\n\t\t\t<div class=\"elementor-widget-wrap elementor-element-populated\">\n\t\t\t\t\t\t<div class=\"elementor-element elementor-element-63a2809 elementor-widget elementor-widget-rinbuild_contact_info\" data-id=\"63a2809\" data-element_type=\"widget\" data-widget_type=\"rinbuild_contact_info.default\">\n\t\t\t\t<div class=\"elementor-widget-container\">\n\t\t\t\t\t<section class=\"contact-info-area\">\n    <div class=\"container\">\n        <div class=\"row\">\n\t\t\t<div class=\"col-xl-12 col-lg-12\">\n                <div class=\"single-contact-info-box text-center\">\n                    <div class=\"icon\"><span class=\"icon flaticon-headphones\"><\/span><\/div>\n                    <div class=\"title\">\n                        <h3>Zavolejte n\u00e1m<\/h3>\n                        <ul>\n                            <li><a href=\"\"><\/a><\/li>\n                            <li><a href=\"\"><a href=\"tel:+421 915 060 689\">+421 915 060 689<\/a><\/a><\/li>\n                        <\/ul>\n                    <\/div>\n                <\/div>\n            <\/div>\t\t\t\n        <\/div>\n    <\/div>\n<\/section>\n\t\t\t\t\t\t<\/div>\n\t\t\t\t<\/div>\n\t\t\t\t\t<\/div>\n\t\t<\/div>\n\t\t\t\t<div class=\"elementor-column elementor-col-33 elementor-top-column elementor-element elementor-element-7558a13\" data-id=\"7558a13\" data-element_type=\"column\">\n\t\t\t<div class=\"elementor-widget-wrap elementor-element-populated\">\n\t\t\t\t\t\t<div class=\"elementor-element elementor-element-7a6ef48 elementor-widget elementor-widget-rinbuild_contact_info\" data-id=\"7a6ef48\" data-element_type=\"widget\" data-widget_type=\"rinbuild_contact_info.default\">\n\t\t\t\t<div class=\"elementor-widget-container\">\n\t\t\t\t\t<section class=\"contact-info-area\">\n    <div class=\"container\">\n        <div class=\"row\">\n\t\t\t<div class=\"col-xl-12 col-lg-12\">\n                <div class=\"single-contact-info-box text-center\">\n                    <div class=\"icon\"><span class=\"icon flaticon-mail-1\"><\/span><\/div>\n                    <div class=\"title\">\n                        <h3><a href=\"#form\">Napi\u0161te n\u00e1m<\/a><\/h3>\n                        <ul>\n                            <li><a href=\"mailto:nupseso@nupseso.eu\">nupseso@nupseso.cz<\/a><\/li>\n                            <li><a href=\"\">www.nupseso.sk<\/a><\/li>\n                        <\/ul>\n                    <\/div>\n                <\/div>\n            <\/div>\t\t\t\n        <\/div>\n    <\/div>\n<\/section>\n\t\t\t\t\t\t<\/div>\n\t\t\t\t<\/div>\n\t\t\t\t\t<\/div>\n\t\t<\/div>\n\t\t\t\t<div class=\"elementor-column elementor-col-33 elementor-top-column elementor-element elementor-element-5d1bfc3\" data-id=\"5d1bfc3\" data-element_type=\"column\">\n\t\t\t<div class=\"elementor-widget-wrap elementor-element-populated\">\n\t\t\t\t\t\t<div class=\"elementor-element elementor-element-9d12c10 elementor-widget elementor-widget-rinbuild_contact_info\" data-id=\"9d12c10\" data-element_type=\"widget\" data-widget_type=\"rinbuild_contact_info.default\">\n\t\t\t\t<div class=\"elementor-widget-container\">\n\t\t\t\t\t<section class=\"contact-info-area\">\n    <div class=\"container\">\n        <div class=\"row\">\n\t\t\t<div class=\"col-xl-12 col-lg-12\">\n                <div class=\"single-contact-info-box text-center\">\n                    <div class=\"icon\"><span class=\"icon flaticon-pin-1\"><\/span><\/div>\n                    <div class=\"title\">\n                        <h3><a href=\"#maps\">Najdete n\u00e1s<\/a><\/h3>\n                        <ul>\n                            <li><a href=\"#maps\">Rybn\u00e1 716\/24 Star\u00e9 M\u011bsto, 110 00 Praha \u010cesk\u00e1 Republika<\/a><\/li>\n                            <li><a href=\"\"><\/a><\/li>\n                        <\/ul>\n                    <\/div>\n                <\/div>\n            <\/div>\t\t\t\n        <\/div>\n    <\/div>\n<\/section>\n\t\t\t\t\t\t<\/div>\n\t\t\t\t<\/div>\n\t\t\t\t\t<\/div>\n\t\t<\/div>\n\t\t\t\t\t<\/div>\n\t\t<\/section>\n\t\t\t\t<section class=\"elementor-section elementor-top-section elementor-element elementor-element-911ba13 elementor-reverse-mobile elementor-section-boxed elementor-section-height-default elementor-section-height-default\" data-id=\"911ba13\" data-element_type=\"section\" id=\"form\">\n\t\t\t\t\t\t<div class=\"elementor-container elementor-column-gap-default\">\n\t\t\t\t\t<div class=\"elementor-column elementor-col-50 elementor-top-column elementor-element elementor-element-5cbefc2\" data-id=\"5cbefc2\" data-element_type=\"column\">\n\t\t\t<div class=\"elementor-widget-wrap elementor-element-populated\">\n\t\t\t\t\t\t<div class=\"elementor-element elementor-element-b827f81 elementor-widget elementor-widget-rinbuild_contactform\" data-id=\"b827f81\" data-element_type=\"widget\" data-widget_type=\"rinbuild_contactform.default\">\n\t\t\t\t<div class=\"elementor-widget-container\">\n\t\t\t\t\t<section class=\"contact-form-area\">\n    <div class=\"auto-container\">\n        <div class=\"row clearfix\"> \n            <div class=\"col-xl-12 col-lg-12 col-md-12\">\n                <div class=\"contact-form\">\n                    <div class=\"title\">\n                        <h3>Kontaktn\u00ed formul\u00e1\u0159<\/h3>\n                    <\/div>\n                    <div class=\"inner-box\">\n                        \n<div class=\"wpcf7 no-js\" id=\"wpcf7-f446-o1\" lang=\"en-US\" dir=\"ltr\" data-wpcf7-id=\"446\">\n<div class=\"screen-reader-response\"><p role=\"status\" aria-live=\"polite\" aria-atomic=\"true\"><\/p> <ul><\/ul><\/div>\n<form action=\"\/cs\/wp-json\/wp\/v2\/pages\/40#wpcf7-f446-o1\" method=\"post\" class=\"wpcf7-form init\" aria-label=\"Contact form\" novalidate=\"novalidate\" data-status=\"init\" data-trp-original-action=\"\/cs\/wp-json\/wp\/v2\/pages\/40#wpcf7-f446-o1\">\n<div style=\"display: none;\">\n<input type=\"hidden\" name=\"_wpcf7\" value=\"446\" \/>\n<input type=\"hidden\" name=\"_wpcf7_version\" value=\"6.0.6\" \/>\n<input type=\"hidden\" name=\"_wpcf7_locale\" value=\"en_US\" \/>\n<input type=\"hidden\" name=\"_wpcf7_unit_tag\" value=\"wpcf7-f446-o1\" \/>\n<input type=\"hidden\" name=\"_wpcf7_container_post\" value=\"0\" \/>\n<input type=\"hidden\" name=\"_wpcf7_posted_data_hash\" value=\"\" \/>\n<input type=\"hidden\" name=\"_wpcf7_recaptcha_response\" value=\"\" \/>\n<\/div>\n<div class=\"default-form2\">\n\t<div class=\"row\">\n\t\t<div class=\"col-xl-6\">\n\t\t\t<div class=\"input-box\">\n\t\t\t\t<p>Jm\u00e9no a p\u0159\u00edjmen\u00ed:\n\t\t\t\t<\/p>\n\t\t\t\t<p><span class=\"wpcf7-form-control-wrap\" data-name=\"text-124\"><input size=\"40\" maxlength=\"400\" class=\"wpcf7-form-control wpcf7-text wpcf7-validates-as-required\" aria-required=\"true\" aria-invalid=\"false\" value=\"\" type=\"text\" name=\"text-124\" \/><\/span>\n\t\t\t\t<\/p>\n\t\t\t<\/div>\n\t\t<\/div>\n\t\t<div class=\"col-xl-6\">\n\t\t\t<div class=\"input-box\">\n\t\t\t\t<p>Email:\n\t\t\t\t<\/p>\n\t\t\t\t<p><span class=\"wpcf7-form-control-wrap\" data-name=\"email-611\"><input size=\"40\" maxlength=\"400\" class=\"wpcf7-form-control wpcf7-email wpcf7-validates-as-required wpcf7-text wpcf7-validates-as-email\" aria-required=\"true\" aria-invalid=\"false\" value=\"\" type=\"email\" name=\"email-611\" \/><\/span>\n\t\t\t\t<\/p>\n\t\t\t<\/div>\n\t\t<\/div>\n\t<\/div>\n\t<div class=\"row\">\n\t\t<div class=\"col-xl-6\">\n\t\t\t<div class=\"input-box\">\n\t\t\t\t<p>P\u0159edm\u011bt:\n\t\t\t\t<\/p>\n\t\t\t\t<p><span class=\"wpcf7-form-control-wrap\" data-name=\"text-210\"><input size=\"40\" maxlength=\"400\" class=\"wpcf7-form-control wpcf7-text\" aria-invalid=\"false\" value=\"\" type=\"text\" name=\"text-210\" \/><\/span>\n\t\t\t\t<\/p>\n\t\t\t<\/div>\n\t\t<\/div>\n\t\t<div class=\"col-xl-6\">\n\t\t\t<div class=\"input-box\">\n\t\t\t\t<p>Mobil:\n\t\t\t\t<\/p>\n\t\t\t\t<p><span class=\"wpcf7-form-control-wrap\" data-name=\"text-942\"><input size=\"40\" maxlength=\"400\" class=\"wpcf7-form-control wpcf7-text\" aria-invalid=\"false\" value=\"\" type=\"text\" name=\"text-942\" \/><\/span>\n\t\t\t\t<\/p>\n\t\t\t<\/div>\n\t\t<\/div>\n\t<\/div>\n\t<div class=\"row\">\n\t\t<div class=\"col-xl-12\">\n\t\t\t<div class=\"input-box\">\n\t\t\t\t<p>Va\u0161e zpr\u00e1va:\n\t\t\t\t<\/p>\n\t\t\t\t<p><span class=\"wpcf7-form-control-wrap\" data-name=\"textarea-987\"><textarea cols=\"40\" rows=\"10\" maxlength=\"2000\" class=\"wpcf7-form-control wpcf7-textarea\" aria-invalid=\"false\" name=\"textarea-987\"><\/textarea><\/span>\n\t\t\t\t<\/p>\n\t\t\t<\/div>\n\t\t<\/div>\n\t<\/div>\n\t<div class=\"row\">\n\t\t<div class=\"col-xl-12\">\n\t\t\t<div class=\"button-box\">\n\t\t\t\t<p><input id=\"form_botcheck\" name=\"form_botcheck\" class=\"form-control\" type=\"hidden\" value=\"\" \/><button class=\"btn-one\" type=\"submit\" data-loading-text=\"Please wait...\">Odeslat<\/button>\n\t\t\t\t<\/p>\n\t\t\t<\/div>\n\t\t<\/div>\n\t<\/div>\n<\/div><div class=\"wpcf7-response-output\" aria-hidden=\"true\"><\/div>\n<input type=\"hidden\" name=\"trp-form-language\" value=\"cs\"\/><\/form>\n<\/div>\n                    <\/div>\n                <\/div>\n            <\/div>\n        <\/div>\n    <\/div>\n<\/section>\n\t\t\t\t\t\t<\/div>\n\t\t\t\t<\/div>\n\t\t\t\t\t<\/div>\n\t\t<\/div>\n\t\t\t\t<div class=\"elementor-column elementor-col-50 elementor-top-column elementor-element elementor-element-b92272e\" data-id=\"b92272e\" data-element_type=\"column\">\n\t\t\t<div class=\"elementor-widget-wrap elementor-element-populated\">\n\t\t\t\t\t\t<div class=\"elementor-element elementor-element-639b9ce elementor-widget elementor-widget-rinbuild_contactblock\" data-id=\"639b9ce\" data-element_type=\"widget\" data-widget_type=\"rinbuild_contactblock.default\">\n\t\t\t\t<div class=\"elementor-widget-container\">\n\t\t\t\t\t<section class=\"contact-form-area\">\n    <div class=\"auto-container\">\n        <div class=\"row clearfix\"> \n            <div class=\"col-xl-12 col-lg-12 col-md-12\">\n                <div class=\"contact-information-box\">\n                    <div class=\"title\">\n                        <h3>s\u00eddlo spole\u010dnosti<\/h3>\n                        <p>NUPSESO CZ, s.r.o.<\/p>\n                    <\/div>\n                    <ul class=\"contact-us\">\n                        \n\t\t\t\t\t\t\t\t\t\t\t\t\n                        <li>\n                            <div class=\"icon\">\n                                <span class=\"far fa-address-card\"><\/span>\n                            <\/div>\n                            <div class=\"text\">\n                                <a href=\"#\">Rybn\u00e1 716\/24 Star\u00e9 M\u011bsto, 110 00 Praha \u010cesk\u00e1 Republika<\/a>\n                            <\/div>\n                        <\/li>\n                        \n\t\t\t\t\t\t\t\t\t\t\t\t\n                        <li>\n                            <div class=\"icon\">\n                                <span class=\"far fa-caret-square-down\"><\/span>\n                            <\/div>\n                            <div class=\"text\">\n                                <a href=\"#\">I\u010c: 25198319\n<\/a>\n                            <\/div>\n                        <\/li>\n                        \n\t\t\t\t\t\t\t\t\t\t\t\t\n                        <li>\n                            <div class=\"icon\">\n                                <span class=\"far fa-check-square\"><\/span>\n                            <\/div>\n                            <div class=\"text\">\n                                <a href=\"\">I\u010c DPH: CZ25198319\n\n<\/a>\n                            <\/div>\n                        <\/li>\n                        \n\t\t\t\t\t\t                    <\/ul>\n                <\/div>    \n            <\/div>\n\n        <\/div>\n    <\/div>\n<\/section>\n\t\t\t\t\t\t<\/div>\n\t\t\t\t<\/div>\n\t\t\t\t\t<\/div>\n\t\t<\/div>\n\t\t\t\t\t<\/div>\n\t\t<\/section>\n\t\t\t\t<section class=\"elementor-section elementor-top-section elementor-element elementor-element-c9badb0 elementor-section-stretched elementor-section-full_width elementor-section-height-default elementor-section-height-default\" data-id=\"c9badb0\" data-element_type=\"section\" id=\"maps\" data-settings=\"{&quot;stretch_section&quot;:&quot;section-stretched&quot;}\">\n\t\t\t\t\t\t<div class=\"elementor-container elementor-column-gap-no\">\n\t\t\t\t\t<div class=\"elementor-column elementor-col-100 elementor-top-column elementor-element elementor-element-16cfe98\" data-id=\"16cfe98\" data-element_type=\"column\">\n\t\t\t<div class=\"elementor-widget-wrap elementor-element-populated\">\n\t\t\t\t\t\t<div class=\"elementor-element elementor-element-f8961c4 elementor-widget elementor-widget-google_maps\" data-id=\"f8961c4\" data-element_type=\"widget\" data-widget_type=\"google_maps.default\">\n\t\t\t\t<div class=\"elementor-widget-container\">\n\t\t\t\t\t\t\t<div class=\"elementor-custom-embed\">\n\t\t\t<iframe loading=\"lazy\"\n\t\t\t\t\tsrc=\"https:\/\/maps.google.com\/maps?q=Vin%C3%A1rska%2017%20951%2041%20Lu%C5%BEianky&#038;t=m&#038;z=14&#038;output=embed&#038;iwloc=near\"\n\t\t\t\t\ttitle=\"Rybn\u00e1 716\/24, 110 00 Star\u00e9 M\u011bsto, \u010cesko\"\n\t\t\t\t\taria-label=\"Rybn\u00e1 716\/24, 110 00 Star\u00e9 M\u011bsto, \u010cesko\"\n\t\t\t><\/iframe>\n\t\t<\/div>\n\t\t\t\t\t\t<\/div>\n\t\t\t\t<\/div>\n\t\t\t\t\t<\/div>\n\t\t<\/div>\n\t\t\t\t\t<\/div>\n\t\t<\/section>\n\t\t\t\t<\/div>","protected":false},"excerpt":{"rendered":"<p>Zavolejte n\u00e1m +421 915 060 689 Napi\u0161te n\u00e1m nupseso@nupseso.eu www.nupseso.sk Naleznete n\u00e1s Vina\u0159sk\u00e1 17, 951 41 Lu\u017ea\u0148ky \u010cesk\u00e1 republika Nitra, Slovensk\u00e1 republika I\u010cO: 36525791 I\u010c DPH: SK2020147668<\/p>","protected":false},"author":1,"featured_media":0,"parent":0,"menu_order":0,"comment_status":"closed","ping_status":"closed","template":"tpl-default-elementor.php","meta":{"_monsterinsights_skip_tracking":false,"_monsterinsights_sitenote_active":false,"_monsterinsights_sitenote_note":"","_monsterinsights_sitenote_category":0,"footnotes":""},"class_list":["post-40","page","type-page","status-publish","hentry"],"yoast_head":"<!-- This site is optimized with the Yoast SEO plugin v25.3.1 - https:\/\/yoast.com\/wordpress\/plugins\/seo\/ -->\n<title>Kontakt - nupseso.sk<\/title>\n<meta name=\"robots\" content=\"index, follow, max-snippet:-1, max-image-preview:large, max-video-preview:-1\" \/>\n<link rel=\"canonical\" href=\"https:\/\/nupseso.sk\/cs\/kontakt\/\" \/>\n<meta property=\"og:locale\" content=\"cs_CZ\" \/>\n<meta property=\"og:type\" content=\"article\" \/>\n<meta property=\"og:title\" content=\"Kontakt - nupseso.sk\" \/>\n<meta property=\"og:description\" content=\"Zavolajte n\u00e1m +421 915 060 689 Nap\u00ed\u0161te n\u00e1m nupseso@nupseso.eu www.nupseso.sk N\u00e1jdete n\u00e1s Vin\u00e1rska 17, 951 41 Lu\u017eianky Slovensk\u00e1 republika Kontaktn\u00fd formul\u00e1r Meno a priezvisko: Email: Predmet: Mobil: Va\u0161a spr\u00e1va: Odosla\u0165 s\u00eddlo spolo\u010dnosti NUPSESO, a. s. Golianova 42, 949 01 Nitra, Slovensk\u00e1 republika I\u010cO: 36525791 I\u010c DPH: SK2020147668\" \/>\n<meta property=\"og:url\" content=\"https:\/\/nupseso.sk\/cs\/kontakt\/\" \/>\n<meta property=\"og:site_name\" content=\"nupseso.sk\" \/>\n<meta property=\"article:modified_time\" content=\"2026-02-03T07:48:06+00:00\" \/>\n<meta name=\"twitter:card\" content=\"summary_large_image\" \/>\n<meta name=\"twitter:label1\" content=\"Odhadovan\u00e1 doba \u010dten\u00ed\" \/>\n\t<meta name=\"twitter:data1\" content=\"1 minuta\" \/>\n<script type=\"application\/ld+json\" class=\"yoast-schema-graph\">{\"@context\":\"https:\/\/schema.org\",\"@graph\":[{\"@type\":\"WebPage\",\"@id\":\"https:\/\/nupseso.sk\/kontakt\/\",\"url\":\"https:\/\/nupseso.sk\/kontakt\/\",\"name\":\"Kontakt - nupseso.sk\",\"isPartOf\":{\"@id\":\"https:\/\/nupseso.sk\/#website\"},\"datePublished\":\"2020-02-24T03:37:52+00:00\",\"dateModified\":\"2026-02-03T07:48:06+00:00\",\"breadcrumb\":{\"@id\":\"https:\/\/nupseso.sk\/kontakt\/#breadcrumb\"},\"inLanguage\":\"cs\",\"potentialAction\":[{\"@type\":\"ReadAction\",\"target\":[\"https:\/\/nupseso.sk\/kontakt\/\"]}]},{\"@type\":\"BreadcrumbList\",\"@id\":\"https:\/\/nupseso.sk\/kontakt\/#breadcrumb\",\"itemListElement\":[{\"@type\":\"ListItem\",\"position\":1,\"name\":\"Domov\",\"item\":\"https:\/\/nupseso.sk\/\"},{\"@type\":\"ListItem\",\"position\":2,\"name\":\"Kontakt\"}]},{\"@type\":\"WebSite\",\"@id\":\"https:\/\/nupseso.sk\/#website\",\"url\":\"https:\/\/nupseso.sk\/\",\"name\":\"nupseso.sk\",\"description\":\"\",\"publisher\":{\"@id\":\"https:\/\/nupseso.sk\/#organization\"},\"potentialAction\":[{\"@type\":\"SearchAction\",\"target\":{\"@type\":\"EntryPoint\",\"urlTemplate\":\"https:\/\/nupseso.sk\/?s={search_term_string}\"},\"query-input\":{\"@type\":\"PropertyValueSpecification\",\"valueRequired\":true,\"valueName\":\"search_term_string\"}}],\"inLanguage\":\"cs\"},{\"@type\":\"Organization\",\"@id\":\"https:\/\/nupseso.sk\/#organization\",\"name\":\"nupseso.sk\",\"url\":\"https:\/\/nupseso.sk\/\",\"logo\":{\"@type\":\"ImageObject\",\"inLanguage\":\"cs\",\"@id\":\"https:\/\/nupseso.sk\/#\/schema\/logo\/image\/\",\"url\":\"https:\/\/nupseso.sk\/wp-content\/uploads\/2020\/02\/logo.png\",\"contentUrl\":\"https:\/\/nupseso.sk\/wp-content\/uploads\/2020\/02\/logo.png\",\"width\":129,\"height\":50,\"caption\":\"nupseso.sk\"},\"image\":{\"@id\":\"https:\/\/nupseso.sk\/#\/schema\/logo\/image\/\"}}]}<\/script>\n<!-- \/ Yoast SEO plugin. -->","yoast_head_json":{"title":"Kontakt - nupseso.sk","robots":{"index":"index","follow":"follow","max-snippet":"max-snippet:-1","max-image-preview":"max-image-preview:large","max-video-preview":"max-video-preview:-1"},"canonical":"https:\/\/nupseso.sk\/cs\/kontakt\/","og_locale":"cs_CZ","og_type":"article","og_title":"Kontakt - nupseso.sk","og_description":"Zavolajte n\u00e1m +421 915 060 689 Nap\u00ed\u0161te n\u00e1m nupseso@nupseso.eu www.nupseso.sk N\u00e1jdete n\u00e1s Vin\u00e1rska 17, 951 41 Lu\u017eianky Slovensk\u00e1 republika Kontaktn\u00fd formul\u00e1r Meno a priezvisko: Email: Predmet: Mobil: Va\u0161a spr\u00e1va: Odosla\u0165 s\u00eddlo spolo\u010dnosti NUPSESO, a. s. Golianova 42, 949 01 Nitra, Slovensk\u00e1 republika I\u010cO: 36525791 I\u010c DPH: SK2020147668","og_url":"https:\/\/nupseso.sk\/cs\/kontakt\/","og_site_name":"nupseso.sk","article_modified_time":"2026-02-03T07:48:06+00:00","twitter_card":"summary_large_image","twitter_misc":{"Odhadovan\u00e1 doba \u010dten\u00ed":"1 minuta"},"schema":{"@context":"https:\/\/schema.org","@graph":[{"@type":"WebPage","@id":"https:\/\/nupseso.sk\/kontakt\/","url":"https:\/\/nupseso.sk\/kontakt\/","name":"Kontakt - nupseso.sk","isPartOf":{"@id":"https:\/\/nupseso.sk\/#website"},"datePublished":"2020-02-24T03:37:52+00:00","dateModified":"2026-02-03T07:48:06+00:00","breadcrumb":{"@id":"https:\/\/nupseso.sk\/kontakt\/#breadcrumb"},"inLanguage":"cs","potentialAction":[{"@type":"ReadAction","target":["https:\/\/nupseso.sk\/kontakt\/"]}]},{"@type":"BreadcrumbList","@id":"https:\/\/nupseso.sk\/kontakt\/#breadcrumb","itemListElement":[{"@type":"ListItem","position":1,"name":"Domov","item":"https:\/\/nupseso.sk\/"},{"@type":"ListItem","position":2,"name":"Kontakt"}]},{"@type":"WebSite","@id":"https:\/\/nupseso.sk\/#website","url":"https:\/\/nupseso.sk\/","name":"nupseso.sk","description":"","publisher":{"@id":"https:\/\/nupseso.sk\/#organization"},"potentialAction":[{"@type":"SearchAction","target":{"@type":"EntryPoint","urlTemplate":"https:\/\/nupseso.sk\/?s={search_term_string}"},"query-input":{"@type":"PropertyValueSpecification","valueRequired":true,"valueName":"search_term_string"}}],"inLanguage":"cs"},{"@type":"Organization","@id":"https:\/\/nupseso.sk\/#organization","name":"nupseso.sk","url":"https:\/\/nupseso.sk\/","logo":{"@type":"ImageObject","inLanguage":"cs","@id":"https:\/\/nupseso.sk\/#\/schema\/logo\/image\/","url":"https:\/\/nupseso.sk\/wp-content\/uploads\/2020\/02\/logo.png","contentUrl":"https:\/\/nupseso.sk\/wp-content\/uploads\/2020\/02\/logo.png","width":129,"height":50,"caption":"nupseso.sk"},"image":{"@id":"https:\/\/nupseso.sk\/#\/schema\/logo\/image\/"}}]}},"_links":{"self":[{"href":"https:\/\/nupseso.sk\/cs\/wp-json\/wp\/v2\/pages\/40","targetHints":{"allow":["GET"]}}],"collection":[{"href":"https:\/\/nupseso.sk\/cs\/wp-json\/wp\/v2\/pages"}],"about":[{"href":"https:\/\/nupseso.sk\/cs\/wp-json\/wp\/v2\/types\/page"}],"author":[{"embeddable":true,"href":"https:\/\/nupseso.sk\/cs\/wp-json\/wp\/v2\/users\/1"}],"replies":[{"embeddable":true,"href":"https:\/\/nupseso.sk\/cs\/wp-json\/wp\/v2\/comments?post=40"}],"version-history":[{"count":61,"href":"https:\/\/nupseso.sk\/cs\/wp-json\/wp\/v2\/pages\/40\/revisions"}],"predecessor-version":[{"id":9342,"href":"https:\/\/nupseso.sk\/cs\/wp-json\/wp\/v2\/pages\/40\/revisions\/9342"}],"wp:attachment":[{"href":"https:\/\/nupseso.sk\/cs\/wp-json\/wp\/v2\/media?parent=40"}],"curies":[{"name":"wp","href":"https:\/\/api.w.org\/{rel}","templated":true}]}}