{"id":7682,"date":"2025-06-03T06:18:09","date_gmt":"2025-06-03T06:18:09","guid":{"rendered":"https:\/\/nupseso.visibly.sk\/?page_id=7682"},"modified":"2026-03-02T07:30:50","modified_gmt":"2026-03-02T07:30:50","slug":"digitalizacia-zdravotnej-dokumentacie","status":"publish","type":"page","link":"https:\/\/nupseso.sk\/cs\/digitalizacia-zdravotnej-dokumentacie\/","title":{"rendered":"Digitalizace zdravotn\u00ed dokumentace"},"content":{"rendered":"<div data-elementor-type=\"wp-page\" data-elementor-id=\"7682\" class=\"elementor elementor-7682\" data-elementor-post-type=\"page\">\n\t\t\t\t\t\t<section class=\"elementor-section elementor-top-section elementor-element elementor-element-ec22b95 elementor-section-boxed elementor-section-height-default elementor-section-height-default\" data-id=\"ec22b95\" data-element_type=\"section\" data-settings=\"{&quot;background_background&quot;:&quot;classic&quot;}\">\n\t\t\t\t\t\t\t<div class=\"elementor-background-overlay\"><\/div>\n\t\t\t\t\t\t\t<div class=\"elementor-container elementor-column-gap-no\">\n\t\t\t\t\t<div class=\"elementor-column elementor-col-50 elementor-top-column elementor-element elementor-element-3d42b5a my1service\" data-id=\"3d42b5a\" data-element_type=\"column\">\n\t\t\t<div class=\"elementor-widget-wrap elementor-element-populated\">\n\t\t\t\t\t\t<div class=\"elementor-element elementor-element-9ba1de9 elementor-widget elementor-widget-heading\" data-id=\"9ba1de9\" data-element_type=\"widget\" data-widget_type=\"heading.default\">\n\t\t\t\t<div class=\"elementor-widget-container\">\n\t\t\t\t\t<span class=\"elementor-heading-title elementor-size-default\">Digitalizace zdravotn\u00ed dokumentace\n<\/span>\t\t\t\t<\/div>\n\t\t\t\t<\/div>\n\t\t\t\t<div class=\"elementor-element elementor-element-0006094 elementor-widget elementor-widget-heading\" data-id=\"0006094\" data-element_type=\"widget\" data-widget_type=\"heading.default\">\n\t\t\t\t<div class=\"elementor-widget-container\">\n\t\t\t\t\t<h2 class=\"elementor-heading-title elementor-size-default\">Rychl\u00fd p\u0159\u00edstup <span class=\"color_text\">k dokument\u016fm pacient\u016f<\/span><\/h2>\t\t\t\t<\/div>\n\t\t\t\t<\/div>\n\t\t\t\t<div class=\"elementor-element elementor-element-85ebd23 elementor-widget elementor-widget-text-editor\" data-id=\"85ebd23\" data-element_type=\"widget\" data-widget_type=\"text-editor.default\">\n\t\t\t\t<div class=\"elementor-widget-container\">\n\t\t\t\t\t\t\t\t\tM\u00e1te arch\u00edvy pln\u00e9 zdravotn\u00fdch kariet, z\u00e1znamov a vy\u0161etren\u00ed, ktor\u00e9 zaberaj\u00fa miesto a zdr\u017euj\u00fa administrat\u00edvu? Zabezpe\u010d\u00edme profesion\u00e1lnu digitaliz\u00e1ciu a archiv\u00e1ciu zdravotnej dokument\u00e1cie \u2013 r\u00fdchlo, bezpe\u010dne a s mo\u017enos\u0165ou prepojenia so zdravotn\u00edckym softv\u00e9rom.\t\t\t\t\t\t\t\t<\/div>\n\t\t\t\t<\/div>\n\t\t\t\t<div class=\"elementor-element elementor-element-2413734 elementor-widget elementor-widget-text-editor\" data-id=\"2413734\" data-element_type=\"widget\" data-widget_type=\"text-editor.default\">\n\t\t\t\t<div class=\"elementor-widget-container\">\n\t\t\t\t\t\t\t\t\t<p><strong>Co v\u0161echno v\u00e1m digitalizace p\u0159inese?<\/strong><\/p>\t\t\t\t\t\t\t\t<\/div>\n\t\t\t\t<\/div>\n\t\t\t\t<div class=\"elementor-element elementor-element-b8c65b7 elementor-icon-list--layout-traditional elementor-list-item-link-full_width elementor-widget elementor-widget-icon-list\" data-id=\"b8c65b7\" data-element_type=\"widget\" data-widget_type=\"icon-list.default\">\n\t\t\t\t<div class=\"elementor-widget-container\">\n\t\t\t\t\t\t\t<ul class=\"elementor-icon-list-items\">\n\t\t\t\t\t\t\t<li class=\"elementor-icon-list-item\">\n\t\t\t\t\t\t\t\t\t\t\t<span class=\"elementor-icon-list-icon\">\n\t\t\t\t\t\t\t<i aria-hidden=\"true\" class=\"fas fa-check-circle\"><\/i>\t\t\t\t\t\t<\/span>\n\t\t\t\t\t\t\t\t\t\t<span class=\"elementor-icon-list-text\">Propojen\u00ed pap\u00edrov\u00fdch dokument\u016f se softwarem ambulance<\/span>\n\t\t\t\t\t\t\t\t\t<\/li>\n\t\t\t\t\t\t\t\t<li class=\"elementor-icon-list-item\">\n\t\t\t\t\t\t\t\t\t\t\t<span class=\"elementor-icon-list-icon\">\n\t\t\t\t\t\t\t<i aria-hidden=\"true\" class=\"fas fa-check-circle\"><\/i>\t\t\t\t\t\t<\/span>\n\t\t\t\t\t\t\t\t\t\t<span class=\"elementor-icon-list-text\">Rychl\u00fd p\u0159\u00edstup k \u00fadaj\u016fm o pacientovi <\/span>\n\t\t\t\t\t\t\t\t\t<\/li>\n\t\t\t\t\t\t\t\t<li class=\"elementor-icon-list-item\">\n\t\t\t\t\t\t\t\t\t\t\t<span class=\"elementor-icon-list-icon\">\n\t\t\t\t\t\t\t<i aria-hidden=\"true\" class=\"fas fa-check-circle\"><\/i>\t\t\t\t\t\t<\/span>\n\t\t\t\t\t\t\t\t\t\t<span class=\"elementor-icon-list-text\">Elektronick\u00e1 zdravotn\u00ed karta pacienta \u2013 v\u0161e na jednom m\u00edst\u011b<\/span>\n\t\t\t\t\t\t\t\t\t<\/li>\n\t\t\t\t\t\t\t\t<li class=\"elementor-icon-list-item\">\n\t\t\t\t\t\t\t\t\t\t\t<span class=\"elementor-icon-list-icon\">\n\t\t\t\t\t\t\t<i aria-hidden=\"true\" class=\"fas fa-check-circle\"><\/i>\t\t\t\t\t\t<\/span>\n\t\t\t\t\t\t\t\t\t\t<span class=\"elementor-icon-list-text\">Zrychlen\u00ed a zjednodu\u0161en\u00ed administrativy<\/span>\n\t\t\t\t\t\t\t\t\t<\/li>\n\t\t\t\t\t\t\t\t<li class=\"elementor-icon-list-item\">\n\t\t\t\t\t\t\t\t\t\t\t<span class=\"elementor-icon-list-icon\">\n\t\t\t\t\t\t\t<i aria-hidden=\"true\" class=\"fas fa-check-circle\"><\/i>\t\t\t\t\t\t<\/span>\n\t\t\t\t\t\t\t\t\t\t<span class=\"elementor-icon-list-text\">\u00daspora m\u00edsta \u2013 \u017e\u00e1dn\u00e9 dal\u0161\u00ed sk\u0159\u00edn\u011b \u010di krabice<\/span>\n\t\t\t\t\t\t\t\t\t<\/li>\n\t\t\t\t\t\t<\/ul>\n\t\t\t\t\t\t<\/div>\n\t\t\t\t<\/div>\n\t\t\t\t\t<\/div>\n\t\t<\/div>\n\t\t\t\t<div class=\"elementor-column elementor-col-50 elementor-top-column elementor-element elementor-element-c842121\" data-id=\"c842121\" data-element_type=\"column\">\n\t\t\t<div class=\"elementor-widget-wrap elementor-element-populated\">\n\t\t\t\t\t\t<div class=\"elementor-element elementor-element-367d9a8 aboutno elementor-widget elementor-widget-rinbuild_about4_left\" data-id=\"367d9a8\" data-element_type=\"widget\" data-widget_type=\"rinbuild_about4_left.default\">\n\t\t\t\t<div class=\"elementor-widget-container\">\n\t\t\t\t\t\t\t\n\t\t<!--Start About Style4 Area-->\n\t\t<section class=\"about-style4-area\">\n\t\t\t<div class=\"container\">\n\t\t\t\t<div class=\"row\">\n\t\t\t\t\t<div class=\"col-xl-12\">\n\t\t\t\t\t\t<div class=\"about-style4-image-box clearfix\">\n\t\t\t\t\t\t\t \n\t\t\t\t\t\t\t<div class=\"inner\">\n\t\t\t\t\t\t\t\t<img decoding=\"async\" src=\"https:\/\/nupseso.sk\/wp-content\/uploads\/2025\/08\/1_zdravotna_dokumentacia_460_580.png\" alt=\"\">   \n\t\t\t\t\t\t\t\t\t\t\t\t\t\t\t<\/div>\n\t\t\t\t\t\t\t<div class=\"experience-box thm_bgclr1\">\n\t\t\t\t\t\t\t\t<h2>30<\/h2>\n\t\t\t\t\t\t\t\t<h3>let<br> zku\u0161enosti<\/h3>\n\t\t\t\t\t\t\t<\/div>   \n\t\t\t\t\t\t<\/div>     \n\t\t\t\t\t<\/div>\n\t\t\t\t<\/div> \n\t\t\t<\/div>    \n\t\t<\/section>\n\t\t<!--End About Style4 Area-->\n\n\t\t\t\t\t\t<\/div>\n\t\t\t\t<\/div>\n\t\t\t\t\t<\/div>\n\t\t<\/div>\n\t\t\t\t\t<\/div>\n\t\t<\/section>\n\t\t\t\t<section class=\"elementor-section elementor-top-section elementor-element elementor-element-b9ee3e8 elementor-reverse-mobile elementor-section-boxed elementor-section-height-default elementor-section-height-default\" data-id=\"b9ee3e8\" data-element_type=\"section\" data-settings=\"{&quot;background_background&quot;:&quot;classic&quot;}\">\n\t\t\t\t\t\t\t<div class=\"elementor-background-overlay\"><\/div>\n\t\t\t\t\t\t\t<div class=\"elementor-container elementor-column-gap-no\">\n\t\t\t\t\t<div class=\"elementor-column elementor-col-50 elementor-top-column elementor-element elementor-element-a0f50b2\" data-id=\"a0f50b2\" data-element_type=\"column\">\n\t\t\t<div class=\"elementor-widget-wrap elementor-element-populated\">\n\t\t\t\t\t\t<div class=\"elementor-element elementor-element-16e4fc1 aboutno disablerok  elementor-widget elementor-widget-rinbuild_about4_left\" data-id=\"16e4fc1\" data-element_type=\"widget\" data-widget_type=\"rinbuild_about4_left.default\">\n\t\t\t\t<div class=\"elementor-widget-container\">\n\t\t\t\t\t\t\t\n\t\t<!--Start About Style4 Area-->\n\t\t<section class=\"about-style4-area\">\n\t\t\t<div class=\"container\">\n\t\t\t\t<div class=\"row\">\n\t\t\t\t\t<div class=\"col-xl-12\">\n\t\t\t\t\t\t<div class=\"about-style4-image-box clearfix\">\n\t\t\t\t\t\t\t \n\t\t\t\t\t\t\t<div class=\"inner\">\n\t\t\t\t\t\t\t\t<img decoding=\"async\" src=\"https:\/\/nupseso.sk\/wp-content\/uploads\/2025\/08\/2_zdravotna_dokumentacia_460_580.png\" alt=\"\">   \n\t\t\t\t\t\t\t\t\t\t\t\t\t\t\t<\/div>\n\t\t\t\t\t\t\t<div class=\"experience-box thm_bgclr1\">\n\t\t\t\t\t\t\t\t<h2><\/h2>\n\t\t\t\t\t\t\t\t<h3><\/h3>\n\t\t\t\t\t\t\t<\/div>   \n\t\t\t\t\t\t<\/div>     \n\t\t\t\t\t<\/div>\n\t\t\t\t<\/div> \n\t\t\t<\/div>    \n\t\t<\/section>\n\t\t<!--End About Style4 Area-->\n\n\t\t\t\t\t\t<\/div>\n\t\t\t\t<\/div>\n\t\t\t\t\t<\/div>\n\t\t<\/div>\n\t\t\t\t<div class=\"elementor-column elementor-col-50 elementor-top-column elementor-element elementor-element-03e1ef6 my2service\" data-id=\"03e1ef6\" data-element_type=\"column\">\n\t\t\t<div class=\"elementor-widget-wrap elementor-element-populated\">\n\t\t\t\t\t\t<div class=\"elementor-element elementor-element-8fc9baf elementor-widget elementor-widget-heading\" data-id=\"8fc9baf\" data-element_type=\"widget\" data-widget_type=\"heading.default\">\n\t\t\t\t<div class=\"elementor-widget-container\">\n\t\t\t\t\t<h2 class=\"elementor-heading-title elementor-size-default\">Chcete m\u00edt <span class=\"color_text\">zdravotn\u00ed dokumentaci <\/span>pod kontrolou?\n\n<\/h2>\t\t\t\t<\/div>\n\t\t\t\t<\/div>\n\t\t\t\t<div class=\"elementor-element elementor-element-def3134 elementor-widget elementor-widget-text-editor\" data-id=\"def3134\" data-element_type=\"widget\" data-widget_type=\"text-editor.default\">\n\t\t\t\t<div class=\"elementor-widget-container\">\n\t\t\t\t\t\t\t\t\t<p>Sv\u011b\u0159te j\u00ed digitalizaci odborn\u00edk\u016fm. R\u00e1di v\u00e1m p\u0159iprav\u00edme \u0159e\u0161en\u00ed na m\u00edru a postar\u00e1me se o cel\u00fd proces \u2013 od vyzvednut\u00ed dokument\u016f a\u017e po jejich bezprobl\u00e9mov\u00e9 pou\u017eit\u00ed ve va\u0161em syst\u00e9mu.<\/p>\t\t\t\t\t\t\t\t<\/div>\n\t\t\t\t<\/div>\n\t\t\t\t<section class=\"elementor-section elementor-inner-section elementor-element elementor-element-e2d19d6 elementor-section-boxed elementor-section-height-default elementor-section-height-default\" data-id=\"e2d19d6\" data-element_type=\"section\">\n\t\t\t\t\t\t<div class=\"elementor-container elementor-column-gap-default\">\n\t\t\t\t\t<div class=\"elementor-column elementor-col-100 elementor-inner-column elementor-element elementor-element-8796357\" data-id=\"8796357\" data-element_type=\"column\">\n\t\t\t<div class=\"elementor-widget-wrap elementor-element-populated\">\n\t\t\t\t\t\t<div class=\"elementor-element elementor-element-aa20419 elementor-icon-list--layout-traditional elementor-list-item-link-full_width elementor-widget elementor-widget-icon-list\" data-id=\"aa20419\" data-element_type=\"widget\" data-widget_type=\"icon-list.default\">\n\t\t\t\t<div class=\"elementor-widget-container\">\n\t\t\t\t\t\t\t<ul class=\"elementor-icon-list-items\">\n\t\t\t\t\t\t\t<li class=\"elementor-icon-list-item\">\n\t\t\t\t\t\t\t\t\t\t\t<span class=\"elementor-icon-list-icon\">\n\t\t\t\t\t\t\t<i aria-hidden=\"true\" class=\"fas fa-check-circle\"><\/i>\t\t\t\t\t\t<\/span>\n\t\t\t\t\t\t\t\t\t\t<span class=\"elementor-icon-list-text\">Form\u00e1ty: vizitky, A4, A3, v\u00fdkresy a\u017e do A0+<\/span>\n\t\t\t\t\t\t\t\t\t<\/li>\n\t\t\t\t\t\t\t\t<li class=\"elementor-icon-list-item\">\n\t\t\t\t\t\t\t\t\t\t\t<span class=\"elementor-icon-list-icon\">\n\t\t\t\t\t\t\t<i aria-hidden=\"true\" class=\"fas fa-check-circle\"><\/i>\t\t\t\t\t\t<\/span>\n\t\t\t\t\t\t\t\t\t\t<span class=\"elementor-icon-list-text\">Jednostrann\u00e9 i oboustrann\u00e9 skeny<\/span>\n\t\t\t\t\t\t\t\t\t<\/li>\n\t\t\t\t\t\t\t\t<li class=\"elementor-icon-list-item\">\n\t\t\t\t\t\t\t\t\t\t\t<span class=\"elementor-icon-list-icon\">\n\t\t\t\t\t\t\t<i aria-hidden=\"true\" class=\"fas fa-check-circle\"><\/i>\t\t\t\t\t\t<\/span>\n\t\t\t\t\t\t\t\t\t\t<span class=\"elementor-icon-list-text\">R\u016fzn\u00e9 materi\u00e1ly, tlou\u0161\u0165ky, sv\u00e1zan\u00e9 i voln\u00e9 listy<\/span>\n\t\t\t\t\t\t\t\t\t<\/li>\n\t\t\t\t\t\t\t\t<li class=\"elementor-icon-list-item\">\n\t\t\t\t\t\t\t\t\t\t\t<span class=\"elementor-icon-list-icon\">\n\t\t\t\t\t\t\t<i aria-hidden=\"true\" class=\"fas fa-check-circle\"><\/i>\t\t\t\t\t\t<\/span>\n\t\t\t\t\t\t\t\t\t\t<span class=\"elementor-icon-list-text\">\u010cernob\u00edl\u00e9 i barevn\u00e9<\/span>\n\t\t\t\t\t\t\t\t\t<\/li>\n\t\t\t\t\t\t\t\t<li class=\"elementor-icon-list-item\">\n\t\t\t\t\t\t\t\t\t\t\t<span class=\"elementor-icon-list-icon\">\n\t\t\t\t\t\t\t<i aria-hidden=\"true\" class=\"fas fa-check-circle\"><\/i>\t\t\t\t\t\t<\/span>\n\t\t\t\t\t\t\t\t\t\t<span class=\"elementor-icon-list-text\">OCR \u2013 rozpozn\u00e1v\u00e1n\u00ed textu pro snadn\u00e9 vyhled\u00e1v\u00e1n\u00ed<\/span>\n\t\t\t\t\t\t\t\t\t<\/li>\n\t\t\t\t\t\t\t\t<li class=\"elementor-icon-list-item\">\n\t\t\t\t\t\t\t\t\t\t\t<span class=\"elementor-icon-list-icon\">\n\t\t\t\t\t\t\t<i aria-hidden=\"true\" class=\"fas fa-check-circle\"><\/i>\t\t\t\t\t\t<\/span>\n\t\t\t\t\t\t\t\t\t\t<span class=\"elementor-icon-list-text\">Vyt\u011b\u017eov\u00e1n\u00ed dat a indexace \u2013 podle jm\u00e9na, data, vy\u0161et\u0159en\u00ed\u2026<\/span>\n\t\t\t\t\t\t\t\t\t<\/li>\n\t\t\t\t\t\t\t\t<li class=\"elementor-icon-list-item\">\n\t\t\t\t\t\t\t\t\t\t\t<span class=\"elementor-icon-list-icon\">\n\t\t\t\t\t\t\t<i aria-hidden=\"true\" class=\"fas fa-check-circle\"><\/i>\t\t\t\t\t\t<\/span>\n\t\t\t\t\t\t\t\t\t\t<span class=\"elementor-icon-list-text\">Ulo\u017een\u00ed digitalizovan\u00fdch dat v extern\u00edm archivu<\/span>\n\t\t\t\t\t\t\t\t\t<\/li>\n\t\t\t\t\t\t<\/ul>\n\t\t\t\t\t\t<\/div>\n\t\t\t\t<\/div>\n\t\t\t\t\t<\/div>\n\t\t<\/div>\n\t\t\t\t\t<\/div>\n\t\t<\/section>\n\t\t\t\t\t<\/div>\n\t\t<\/div>\n\t\t\t\t\t<\/div>\n\t\t<\/section>\n\t\t\t\t<section class=\"elementor-section elementor-top-section elementor-element elementor-element-0fd8566 elementor-section-stretched contactus elementor-section-boxed elementor-section-height-default elementor-section-height-default\" data-id=\"0fd8566\" data-element_type=\"section\" data-settings=\"{&quot;stretch_section&quot;:&quot;section-stretched&quot;,&quot;background_background&quot;:&quot;classic&quot;}\">\n\t\t\t\t\t\t<div class=\"elementor-container elementor-column-gap-no\">\n\t\t\t\t\t<div class=\"elementor-column elementor-col-100 elementor-top-column elementor-element elementor-element-b44e547\" data-id=\"b44e547\" data-element_type=\"column\">\n\t\t\t<div class=\"elementor-widget-wrap elementor-element-populated\">\n\t\t\t\t\t\t<div class=\"elementor-element elementor-element-c04172f elementor-widget elementor-widget-rinbuild_calltoaction3\" data-id=\"c04172f\" data-element_type=\"widget\" data-widget_type=\"rinbuild_calltoaction3.default\">\n\t\t\t\t<div class=\"elementor-widget-container\">\n\t\t\t\t\t<section class=\"call-to-action-four\">\n\t<div class=\"auto-container\">\n\t\t<div class=\"inner clearfix\">\n\t\t\t<div class=\"image-layer\" style=\"background-image: url(https:\/\/nupseso.sk\/wp-content\/uploads\/2025\/06\/2024-11-Nupseso-2K-16.jpg);\"><\/div>\n\t\t\t<div class=\"content\">\n\t\t\t\t<h2>Zaujaly v\u00e1s na\u0161e slu\u017eby? Napi\u0161te n\u00e1m a z\u00edskejte nab\u00eddku na m\u00edru.\n\n<\/h2>\n\t\t\t\t<a class=\"newbt btn-one\" href=\"\/cs\/kontakt\/#form\">M\u00e1m z\u00e1jem<\/a>\n\t\t\t<\/div>\n\t\t\t<div class=\"icon-box23\"><\/div>\n\t\t<\/div>\n\t<\/div>\n<\/section>\n\t\t\t\t\t\t<\/div>\n\t\t\t\t<\/div>\n\t\t\t\t\t<\/div>\n\t\t<\/div>\n\t\t\t\t\t<\/div>\n\t\t<\/section>\n\t\t\t\t<\/div>","protected":false},"excerpt":{"rendered":"<p>Digitaliz\u00e1cia zdravotnej dokument\u00e1cie R\u00fdchly pr\u00edstup k dokumentom pacientov M\u00e1te arch\u00edvy pln\u00e9 zdravotn\u00fdch kariet, z\u00e1znamov a vy\u0161etren\u00ed, ktor\u00e9 zaberaj\u00fa miesto a zdr\u017euj\u00fa administrat\u00edvu? Zabezpe\u010d\u00edme profesion\u00e1lnu digitaliz\u00e1ciu a archiv\u00e1ciu zdravotnej dokument\u00e1cie \u2013 r\u00fdchlo, bezpe\u010dne a s mo\u017enos\u0165ou prepojenia so zdravotn\u00edckym softv\u00e9rom. \u010co v\u0161etko v\u00e1m digitaliz\u00e1cia prinesie? Prepojenie papierov\u00fdch dokumentov so softv\u00e9rom ambulancie R\u00fdchly pr\u00edstup k \u00fadajom o [&hellip;]<\/p>","protected":false},"author":1,"featured_media":0,"parent":0,"menu_order":0,"comment_status":"closed","ping_status":"closed","template":"tpl-default-elementor.php","meta":{"_monsterinsights_skip_tracking":false,"_monsterinsights_sitenote_active":false,"_monsterinsights_sitenote_note":"","_monsterinsights_sitenote_category":0,"footnotes":""},"class_list":["post-7682","page","type-page","status-publish","hentry"],"yoast_head":"<!-- This site is optimized with the Yoast SEO plugin v25.3.1 - https:\/\/yoast.com\/wordpress\/plugins\/seo\/ -->\n<title>Digitaliz\u00e1cia zdravotnej dokument\u00e1cie - nupseso.sk<\/title>\n<meta name=\"description\" content=\"Digitaliz\u00e1cia zdravotnej dokument\u00e1cie bezpe\u010dne. Preme\u0148te papierov\u00e9 karty na digit\u00e1lny arch\u00edv. Z\u00edskajte lep\u0161\u00ed preh\u013ead.\" \/>\n<meta name=\"robots\" content=\"index, follow, max-snippet:-1, max-image-preview:large, max-video-preview:-1\" \/>\n<link rel=\"canonical\" href=\"https:\/\/nupseso.sk\/cs\/digitalizacia-zdravotnej-dokumentacie\/\" \/>\n<meta property=\"og:locale\" content=\"cs_CZ\" \/>\n<meta property=\"og:type\" content=\"article\" \/>\n<meta property=\"og:title\" content=\"Digitaliz\u00e1cia zdravotnej dokument\u00e1cie - nupseso.sk\" \/>\n<meta property=\"og:description\" content=\"Digitaliz\u00e1cia zdravotnej dokument\u00e1cie bezpe\u010dne. Preme\u0148te papierov\u00e9 karty na digit\u00e1lny arch\u00edv. Z\u00edskajte lep\u0161\u00ed preh\u013ead.\" \/>\n<meta property=\"og:url\" content=\"https:\/\/nupseso.sk\/cs\/digitalizacia-zdravotnej-dokumentacie\/\" \/>\n<meta property=\"og:site_name\" content=\"nupseso.sk\" \/>\n<meta property=\"article:modified_time\" content=\"2026-03-02T07:30:50+00:00\" \/>\n<meta property=\"og:image\" content=\"https:\/\/nupseso.sk\/wp-content\/uploads\/2025\/08\/1_zdravotna_dokumentacia_460_580.png\" \/>\n<meta name=\"twitter:card\" content=\"summary_large_image\" \/>\n<meta name=\"twitter:label1\" content=\"Odhadovan\u00e1 doba \u010dten\u00ed\" \/>\n\t<meta name=\"twitter:data1\" content=\"2 minuty\" \/>\n<script type=\"application\/ld+json\" class=\"yoast-schema-graph\">{\"@context\":\"https:\/\/schema.org\",\"@graph\":[{\"@type\":\"WebPage\",\"@id\":\"https:\/\/nupseso.sk\/digitalizacia-zdravotnej-dokumentacie\/\",\"url\":\"https:\/\/nupseso.sk\/digitalizacia-zdravotnej-dokumentacie\/\",\"name\":\"Digitaliz\u00e1cia zdravotnej dokument\u00e1cie - nupseso.sk\",\"isPartOf\":{\"@id\":\"https:\/\/nupseso.sk\/#website\"},\"primaryImageOfPage\":{\"@id\":\"https:\/\/nupseso.sk\/digitalizacia-zdravotnej-dokumentacie\/#primaryimage\"},\"image\":{\"@id\":\"https:\/\/nupseso.sk\/digitalizacia-zdravotnej-dokumentacie\/#primaryimage\"},\"thumbnailUrl\":\"https:\/\/nupseso.sk\/wp-content\/uploads\/2025\/08\/1_zdravotna_dokumentacia_460_580.png\",\"datePublished\":\"2025-06-03T06:18:09+00:00\",\"dateModified\":\"2026-03-02T07:30:50+00:00\",\"description\":\"Digitaliz\u00e1cia zdravotnej dokument\u00e1cie bezpe\u010dne. Preme\u0148te papierov\u00e9 karty na digit\u00e1lny arch\u00edv. Z\u00edskajte lep\u0161\u00ed preh\u013ead.\",\"breadcrumb\":{\"@id\":\"https:\/\/nupseso.sk\/digitalizacia-zdravotnej-dokumentacie\/#breadcrumb\"},\"inLanguage\":\"cs\",\"potentialAction\":[{\"@type\":\"ReadAction\",\"target\":[\"https:\/\/nupseso.sk\/digitalizacia-zdravotnej-dokumentacie\/\"]}]},{\"@type\":\"ImageObject\",\"inLanguage\":\"cs\",\"@id\":\"https:\/\/nupseso.sk\/digitalizacia-zdravotnej-dokumentacie\/#primaryimage\",\"url\":\"https:\/\/nupseso.sk\/wp-content\/uploads\/2025\/08\/1_zdravotna_dokumentacia_460_580.png\",\"contentUrl\":\"https:\/\/nupseso.sk\/wp-content\/uploads\/2025\/08\/1_zdravotna_dokumentacia_460_580.png\"},{\"@type\":\"BreadcrumbList\",\"@id\":\"https:\/\/nupseso.sk\/digitalizacia-zdravotnej-dokumentacie\/#breadcrumb\",\"itemListElement\":[{\"@type\":\"ListItem\",\"position\":1,\"name\":\"Domov\",\"item\":\"https:\/\/nupseso.sk\/\"},{\"@type\":\"ListItem\",\"position\":2,\"name\":\"Digitaliz\u00e1cia zdravotnej dokument\u00e1cie\"}]},{\"@type\":\"WebSite\",\"@id\":\"https:\/\/nupseso.sk\/#website\",\"url\":\"https:\/\/nupseso.sk\/\",\"name\":\"nupseso.sk\",\"description\":\"\",\"publisher\":{\"@id\":\"https:\/\/nupseso.sk\/#organization\"},\"potentialAction\":[{\"@type\":\"SearchAction\",\"target\":{\"@type\":\"EntryPoint\",\"urlTemplate\":\"https:\/\/nupseso.sk\/?s={search_term_string}\"},\"query-input\":{\"@type\":\"PropertyValueSpecification\",\"valueRequired\":true,\"valueName\":\"search_term_string\"}}],\"inLanguage\":\"cs\"},{\"@type\":\"Organization\",\"@id\":\"https:\/\/nupseso.sk\/#organization\",\"name\":\"nupseso.sk\",\"url\":\"https:\/\/nupseso.sk\/\",\"logo\":{\"@type\":\"ImageObject\",\"inLanguage\":\"cs\",\"@id\":\"https:\/\/nupseso.sk\/#\/schema\/logo\/image\/\",\"url\":\"https:\/\/nupseso.sk\/wp-content\/uploads\/2020\/02\/logo.png\",\"contentUrl\":\"https:\/\/nupseso.sk\/wp-content\/uploads\/2020\/02\/logo.png\",\"width\":129,\"height\":50,\"caption\":\"nupseso.sk\"},\"image\":{\"@id\":\"https:\/\/nupseso.sk\/#\/schema\/logo\/image\/\"}}]}<\/script>\n<!-- \/ Yoast SEO plugin. -->","yoast_head_json":{"title":"Digitaliz\u00e1cia zdravotnej dokument\u00e1cie - nupseso.sk","description":"Digitaliz\u00e1cia zdravotnej dokument\u00e1cie bezpe\u010dne. Preme\u0148te papierov\u00e9 karty na digit\u00e1lny arch\u00edv. Z\u00edskajte lep\u0161\u00ed preh\u013ead.","robots":{"index":"index","follow":"follow","max-snippet":"max-snippet:-1","max-image-preview":"max-image-preview:large","max-video-preview":"max-video-preview:-1"},"canonical":"https:\/\/nupseso.sk\/cs\/digitalizacia-zdravotnej-dokumentacie\/","og_locale":"cs_CZ","og_type":"article","og_title":"Digitaliz\u00e1cia zdravotnej dokument\u00e1cie - nupseso.sk","og_description":"Digitaliz\u00e1cia zdravotnej dokument\u00e1cie bezpe\u010dne. Preme\u0148te papierov\u00e9 karty na digit\u00e1lny arch\u00edv. Z\u00edskajte lep\u0161\u00ed preh\u013ead.","og_url":"https:\/\/nupseso.sk\/cs\/digitalizacia-zdravotnej-dokumentacie\/","og_site_name":"nupseso.sk","article_modified_time":"2026-03-02T07:30:50+00:00","og_image":[{"url":"https:\/\/nupseso.sk\/wp-content\/uploads\/2025\/08\/1_zdravotna_dokumentacia_460_580.png","type":"","width":"","height":""}],"twitter_card":"summary_large_image","twitter_misc":{"Odhadovan\u00e1 doba \u010dten\u00ed":"2 minuty"},"schema":{"@context":"https:\/\/schema.org","@graph":[{"@type":"WebPage","@id":"https:\/\/nupseso.sk\/digitalizacia-zdravotnej-dokumentacie\/","url":"https:\/\/nupseso.sk\/digitalizacia-zdravotnej-dokumentacie\/","name":"Digitaliz\u00e1cia zdravotnej dokument\u00e1cie - nupseso.sk","isPartOf":{"@id":"https:\/\/nupseso.sk\/#website"},"primaryImageOfPage":{"@id":"https:\/\/nupseso.sk\/digitalizacia-zdravotnej-dokumentacie\/#primaryimage"},"image":{"@id":"https:\/\/nupseso.sk\/digitalizacia-zdravotnej-dokumentacie\/#primaryimage"},"thumbnailUrl":"https:\/\/nupseso.sk\/wp-content\/uploads\/2025\/08\/1_zdravotna_dokumentacia_460_580.png","datePublished":"2025-06-03T06:18:09+00:00","dateModified":"2026-03-02T07:30:50+00:00","description":"Digitaliz\u00e1cia zdravotnej dokument\u00e1cie bezpe\u010dne. Preme\u0148te papierov\u00e9 karty na digit\u00e1lny arch\u00edv. Z\u00edskajte lep\u0161\u00ed preh\u013ead.","breadcrumb":{"@id":"https:\/\/nupseso.sk\/digitalizacia-zdravotnej-dokumentacie\/#breadcrumb"},"inLanguage":"cs","potentialAction":[{"@type":"ReadAction","target":["https:\/\/nupseso.sk\/digitalizacia-zdravotnej-dokumentacie\/"]}]},{"@type":"ImageObject","inLanguage":"cs","@id":"https:\/\/nupseso.sk\/digitalizacia-zdravotnej-dokumentacie\/#primaryimage","url":"https:\/\/nupseso.sk\/wp-content\/uploads\/2025\/08\/1_zdravotna_dokumentacia_460_580.png","contentUrl":"https:\/\/nupseso.sk\/wp-content\/uploads\/2025\/08\/1_zdravotna_dokumentacia_460_580.png"},{"@type":"BreadcrumbList","@id":"https:\/\/nupseso.sk\/digitalizacia-zdravotnej-dokumentacie\/#breadcrumb","itemListElement":[{"@type":"ListItem","position":1,"name":"Domov","item":"https:\/\/nupseso.sk\/"},{"@type":"ListItem","position":2,"name":"Digitaliz\u00e1cia zdravotnej dokument\u00e1cie"}]},{"@type":"WebSite","@id":"https:\/\/nupseso.sk\/#website","url":"https:\/\/nupseso.sk\/","name":"nupseso.sk","description":"","publisher":{"@id":"https:\/\/nupseso.sk\/#organization"},"potentialAction":[{"@type":"SearchAction","target":{"@type":"EntryPoint","urlTemplate":"https:\/\/nupseso.sk\/?s={search_term_string}"},"query-input":{"@type":"PropertyValueSpecification","valueRequired":true,"valueName":"search_term_string"}}],"inLanguage":"cs"},{"@type":"Organization","@id":"https:\/\/nupseso.sk\/#organization","name":"nupseso.sk","url":"https:\/\/nupseso.sk\/","logo":{"@type":"ImageObject","inLanguage":"cs","@id":"https:\/\/nupseso.sk\/#\/schema\/logo\/image\/","url":"https:\/\/nupseso.sk\/wp-content\/uploads\/2020\/02\/logo.png","contentUrl":"https:\/\/nupseso.sk\/wp-content\/uploads\/2020\/02\/logo.png","width":129,"height":50,"caption":"nupseso.sk"},"image":{"@id":"https:\/\/nupseso.sk\/#\/schema\/logo\/image\/"}}]}},"_links":{"self":[{"href":"https:\/\/nupseso.sk\/cs\/wp-json\/wp\/v2\/pages\/7682","targetHints":{"allow":["GET"]}}],"collection":[{"href":"https:\/\/nupseso.sk\/cs\/wp-json\/wp\/v2\/pages"}],"about":[{"href":"https:\/\/nupseso.sk\/cs\/wp-json\/wp\/v2\/types\/page"}],"author":[{"embeddable":true,"href":"https:\/\/nupseso.sk\/cs\/wp-json\/wp\/v2\/users\/1"}],"replies":[{"embeddable":true,"href":"https:\/\/nupseso.sk\/cs\/wp-json\/wp\/v2\/comments?post=7682"}],"version-history":[{"count":28,"href":"https:\/\/nupseso.sk\/cs\/wp-json\/wp\/v2\/pages\/7682\/revisions"}],"predecessor-version":[{"id":9371,"href":"https:\/\/nupseso.sk\/cs\/wp-json\/wp\/v2\/pages\/7682\/revisions\/9371"}],"wp:attachment":[{"href":"https:\/\/nupseso.sk\/cs\/wp-json\/wp\/v2\/media?parent=7682"}],"curies":[{"name":"wp","href":"https:\/\/api.w.org\/{rel}","templated":true}]}}