{"id":7696,"date":"2025-06-03T06:20:50","date_gmt":"2025-06-03T06:20:50","guid":{"rendered":"https:\/\/nupseso.visibly.sk\/?page_id=7696"},"modified":"2026-02-03T07:05:17","modified_gmt":"2026-02-03T07:05:17","slug":"vykresy-a-technicka-dokumentacia","status":"publish","type":"page","link":"https:\/\/nupseso.sk\/cs\/vykresy-a-technicka-dokumentacia\/","title":{"rendered":"V\u00fdkresy a technick\u00e1 dokumentace"},"content":{"rendered":"<div data-elementor-type=\"wp-page\" data-elementor-id=\"7696\" class=\"elementor elementor-7696\" data-elementor-post-type=\"page\">\n\t\t\t\t\t\t<section class=\"elementor-section elementor-top-section elementor-element elementor-element-58c16fe elementor-section-boxed elementor-section-height-default elementor-section-height-default\" data-id=\"58c16fe\" data-element_type=\"section\" data-settings=\"{&quot;background_background&quot;:&quot;classic&quot;}\">\n\t\t\t\t\t\t\t<div class=\"elementor-background-overlay\"><\/div>\n\t\t\t\t\t\t\t<div class=\"elementor-container elementor-column-gap-no\">\n\t\t\t\t\t<div class=\"elementor-column elementor-col-50 elementor-top-column elementor-element elementor-element-1292de7 my1service\" data-id=\"1292de7\" data-element_type=\"column\">\n\t\t\t<div class=\"elementor-widget-wrap elementor-element-populated\">\n\t\t\t\t\t\t<div class=\"elementor-element elementor-element-530bc03 elementor-widget elementor-widget-heading\" data-id=\"530bc03\" data-element_type=\"widget\" data-widget_type=\"heading.default\">\n\t\t\t\t<div class=\"elementor-widget-container\">\n\t\t\t\t\t<span class=\"elementor-heading-title elementor-size-default\">Skenov\u00e1n\u00ed v\u00fdkres\u016f\n<\/span>\t\t\t\t<\/div>\n\t\t\t\t<\/div>\n\t\t\t\t<div class=\"elementor-element elementor-element-f83abb7 elementor-widget elementor-widget-heading\" data-id=\"f83abb7\" data-element_type=\"widget\" data-widget_type=\"heading.default\">\n\t\t\t\t<div class=\"elementor-widget-container\">\n\t\t\t\t\t<h2 class=\"elementor-heading-title elementor-size-default\">Zorientujte se ve va\u0161\u00ed  <span class=\"color_text\">projektov\u00e9 dokumentaci<\/span><\/h2>\t\t\t\t<\/div>\n\t\t\t\t<\/div>\n\t\t\t\t<div class=\"elementor-element elementor-element-3209d13 elementor-widget elementor-widget-text-editor\" data-id=\"3209d13\" data-element_type=\"widget\" data-widget_type=\"text-editor.default\">\n\t\t\t\t<div class=\"elementor-widget-container\">\n\t\t\t\t\t\t\t\t\t<p>M\u00e1te archiv pln\u00fd pap\u00edrov\u00fdch v\u00fdkres\u016f, kter\u00e9 zab\u00edraj\u00ed m\u00edsto a komplikuj\u00ed pr\u00e1ci? Zdigitalizujeme va\u0161i v\u00fdkresovou dokumentaci pomoc\u00ed \u0161pi\u010dkov\u00fdch skener\u016f, abyste m\u011bli v\u0161e p\u0159ehledn\u00e9, dostupn\u00e9 a p\u0159ipraven\u00e9 k dal\u0161\u00edmu vyu\u017eit\u00ed.<\/p>\t\t\t\t\t\t\t\t<\/div>\n\t\t\t\t<\/div>\n\t\t\t\t<div class=\"elementor-element elementor-element-edd9da4 elementor-widget elementor-widget-text-editor\" data-id=\"edd9da4\" data-element_type=\"widget\" data-widget_type=\"text-editor.default\">\n\t\t\t\t<div class=\"elementor-widget-container\">\n\t\t\t\t\t\t\t\t\t<p><strong>Co v\u00e1m digitalizace v\u00fdkres\u016f p\u0159inese?<\/strong><\/p>\t\t\t\t\t\t\t\t<\/div>\n\t\t\t\t<\/div>\n\t\t\t\t<div class=\"elementor-element elementor-element-972f1e9 elementor-icon-list--layout-traditional elementor-list-item-link-full_width elementor-widget elementor-widget-icon-list\" data-id=\"972f1e9\" data-element_type=\"widget\" data-widget_type=\"icon-list.default\">\n\t\t\t\t<div class=\"elementor-widget-container\">\n\t\t\t\t\t\t\t<ul class=\"elementor-icon-list-items\">\n\t\t\t\t\t\t\t<li class=\"elementor-icon-list-item\">\n\t\t\t\t\t\t\t\t\t\t\t<span class=\"elementor-icon-list-icon\">\n\t\t\t\t\t\t\t<i aria-hidden=\"true\" class=\"fas fa-check-circle\"><\/i>\t\t\t\t\t\t<\/span>\n\t\t\t\t\t\t\t\t\t\t<span class=\"elementor-icon-list-text\">\u00dasporu m\u00edsta a n\u00e1klad\u016f na skladov\u00e1n\u00ed<\/span>\n\t\t\t\t\t\t\t\t\t<\/li>\n\t\t\t\t\t\t\t\t<li class=\"elementor-icon-list-item\">\n\t\t\t\t\t\t\t\t\t\t\t<span class=\"elementor-icon-list-icon\">\n\t\t\t\t\t\t\t<i aria-hidden=\"true\" class=\"fas fa-check-circle\"><\/i>\t\t\t\t\t\t<\/span>\n\t\t\t\t\t\t\t\t\t\t<span class=\"elementor-icon-list-text\">Rychl\u00e9 vyhled\u00e1v\u00e1n\u00ed v\u00fdkres\u016f podle projektu, \u010d\u00edsla \u010di n\u00e1zvu<\/span>\n\t\t\t\t\t\t\t\t\t<\/li>\n\t\t\t\t\t\t\t\t<li class=\"elementor-icon-list-item\">\n\t\t\t\t\t\t\t\t\t\t\t<span class=\"elementor-icon-list-icon\">\n\t\t\t\t\t\t\t<i aria-hidden=\"true\" class=\"fas fa-check-circle\"><\/i>\t\t\t\t\t\t<\/span>\n\t\t\t\t\t\t\t\t\t\t<span class=\"elementor-icon-list-text\">Propojen\u00ed v\u00fdkres\u016f s va\u0161\u00edm informa\u010dn\u00edm syst\u00e9mem<\/span>\n\t\t\t\t\t\t\t\t\t<\/li>\n\t\t\t\t\t\t\t\t<li class=\"elementor-icon-list-item\">\n\t\t\t\t\t\t\t\t\t\t\t<span class=\"elementor-icon-list-icon\">\n\t\t\t\t\t\t\t<i aria-hidden=\"true\" class=\"fas fa-check-circle\"><\/i>\t\t\t\t\t\t<\/span>\n\t\t\t\t\t\t\t\t\t\t<span class=\"elementor-icon-list-text\">Mo\u017enost dal\u0161\u00edho projektov\u00e1n\u00ed<\/span>\n\t\t\t\t\t\t\t\t\t<\/li>\n\t\t\t\t\t\t\t\t<li class=\"elementor-icon-list-item\">\n\t\t\t\t\t\t\t\t\t\t\t<span class=\"elementor-icon-list-icon\">\n\t\t\t\t\t\t\t<i aria-hidden=\"true\" class=\"fas fa-check-circle\"><\/i>\t\t\t\t\t\t<\/span>\n\t\t\t\t\t\t\t\t\t\t<span class=\"elementor-icon-list-text\">Jednoduch\u00e9 kop\u00edrov\u00e1n\u00ed, archivace a sd\u00edlen\u00ed dokumentace<\/span>\n\t\t\t\t\t\t\t\t\t<\/li>\n\t\t\t\t\t\t\t\t<li class=\"elementor-icon-list-item\">\n\t\t\t\t\t\t\t\t\t\t\t<span class=\"elementor-icon-list-icon\">\n\t\t\t\t\t\t\t<i aria-hidden=\"true\" class=\"fas fa-check-circle\"><\/i>\t\t\t\t\t\t<\/span>\n\t\t\t\t\t\t\t\t\t\t<span class=\"elementor-icon-list-text\">P\u0159edp\u0159\u00edprava na vektorizaci nebo CAD zpracov\u00e1n\u00ed<\/span>\n\t\t\t\t\t\t\t\t\t<\/li>\n\t\t\t\t\t\t<\/ul>\n\t\t\t\t\t\t<\/div>\n\t\t\t\t<\/div>\n\t\t\t\t\t<\/div>\n\t\t<\/div>\n\t\t\t\t<div class=\"elementor-column elementor-col-50 elementor-top-column elementor-element elementor-element-d250155\" data-id=\"d250155\" data-element_type=\"column\">\n\t\t\t<div class=\"elementor-widget-wrap elementor-element-populated\">\n\t\t\t\t\t\t<div class=\"elementor-element elementor-element-b4a42fe aboutno elementor-widget elementor-widget-rinbuild_about4_left\" data-id=\"b4a42fe\" data-element_type=\"widget\" data-widget_type=\"rinbuild_about4_left.default\">\n\t\t\t\t<div class=\"elementor-widget-container\">\n\t\t\t\t\t\t\t\n\t\t<!--Start About Style4 Area-->\n\t\t<section class=\"about-style4-area\">\n\t\t\t<div class=\"container\">\n\t\t\t\t<div class=\"row\">\n\t\t\t\t\t<div class=\"col-xl-12\">\n\t\t\t\t\t\t<div class=\"about-style4-image-box clearfix\">\n\t\t\t\t\t\t\t \n\t\t\t\t\t\t\t<div class=\"inner\">\n\t\t\t\t\t\t\t\t<img decoding=\"async\" src=\"https:\/\/nupseso.sk\/wp-content\/uploads\/2025\/07\/2024-11-Nupseso-2K-26.png\" alt=\"\">   \n\t\t\t\t\t\t\t\t\t\t\t\t\t\t\t<\/div>\n\t\t\t\t\t\t\t<div class=\"experience-box thm_bgclr1\">\n\t\t\t\t\t\t\t\t<h2>30<\/h2>\n\t\t\t\t\t\t\t\t<h3>let<br> zku\u0161enosti<\/h3>\n\t\t\t\t\t\t\t<\/div>   \n\t\t\t\t\t\t<\/div>     \n\t\t\t\t\t<\/div>\n\t\t\t\t<\/div> \n\t\t\t<\/div>    \n\t\t<\/section>\n\t\t<!--End About Style4 Area-->\n\n\t\t\t\t\t\t<\/div>\n\t\t\t\t<\/div>\n\t\t\t\t\t<\/div>\n\t\t<\/div>\n\t\t\t\t\t<\/div>\n\t\t<\/section>\n\t\t\t\t<section class=\"elementor-section elementor-top-section elementor-element elementor-element-0c21404 elementor-reverse-mobile elementor-section-boxed elementor-section-height-default elementor-section-height-default\" data-id=\"0c21404\" data-element_type=\"section\" data-settings=\"{&quot;background_background&quot;:&quot;classic&quot;}\">\n\t\t\t\t\t\t\t<div class=\"elementor-background-overlay\"><\/div>\n\t\t\t\t\t\t\t<div class=\"elementor-container elementor-column-gap-no\">\n\t\t\t\t\t<div class=\"elementor-column elementor-col-50 elementor-top-column elementor-element elementor-element-8a5a679\" data-id=\"8a5a679\" data-element_type=\"column\">\n\t\t\t<div class=\"elementor-widget-wrap elementor-element-populated\">\n\t\t\t\t\t\t<div class=\"elementor-element elementor-element-a8921c5 aboutno disablerok  elementor-widget elementor-widget-rinbuild_about4_left\" data-id=\"a8921c5\" data-element_type=\"widget\" data-widget_type=\"rinbuild_about4_left.default\">\n\t\t\t\t<div class=\"elementor-widget-container\">\n\t\t\t\t\t\t\t\n\t\t<!--Start About Style4 Area-->\n\t\t<section class=\"about-style4-area\">\n\t\t\t<div class=\"container\">\n\t\t\t\t<div class=\"row\">\n\t\t\t\t\t<div class=\"col-xl-12\">\n\t\t\t\t\t\t<div class=\"about-style4-image-box clearfix\">\n\t\t\t\t\t\t\t \n\t\t\t\t\t\t\t<div class=\"inner\">\n\t\t\t\t\t\t\t\t<img decoding=\"async\" src=\"https:\/\/nupseso.sk\/wp-content\/uploads\/2025\/08\/2_skenovanie_vykresov_460_580.png\" alt=\"\">   \n\t\t\t\t\t\t\t\t\t\t\t\t\t\t\t<\/div>\n\t\t\t\t\t\t\t<div class=\"experience-box thm_bgclr1\">\n\t\t\t\t\t\t\t\t<h2><\/h2>\n\t\t\t\t\t\t\t\t<h3><\/h3>\n\t\t\t\t\t\t\t<\/div>   \n\t\t\t\t\t\t<\/div>     \n\t\t\t\t\t<\/div>\n\t\t\t\t<\/div> \n\t\t\t<\/div>    \n\t\t<\/section>\n\t\t<!--End About Style4 Area-->\n\n\t\t\t\t\t\t<\/div>\n\t\t\t\t<\/div>\n\t\t\t\t\t<\/div>\n\t\t<\/div>\n\t\t\t\t<div class=\"elementor-column elementor-col-50 elementor-top-column elementor-element elementor-element-b6c4bf2 my2service\" data-id=\"b6c4bf2\" data-element_type=\"column\">\n\t\t\t<div class=\"elementor-widget-wrap elementor-element-populated\">\n\t\t\t\t\t\t<div class=\"elementor-element elementor-element-2a648a6 elementor-widget elementor-widget-heading\" data-id=\"2a648a6\" data-element_type=\"widget\" data-widget_type=\"heading.default\">\n\t\t\t\t<div class=\"elementor-widget-container\">\n\t\t\t\t\t<h2 class=\"elementor-heading-title elementor-size-default\">Technick\u00e9 parametry <span class=\"color_text\">skenov\u00e1n\u00ed <\/span>\n<\/h2>\t\t\t\t<\/div>\n\t\t\t\t<\/div>\n\t\t\t\t<section class=\"elementor-section elementor-inner-section elementor-element elementor-element-319fdf5 elementor-section-boxed elementor-section-height-default elementor-section-height-default\" data-id=\"319fdf5\" data-element_type=\"section\">\n\t\t\t\t\t\t<div class=\"elementor-container elementor-column-gap-default\">\n\t\t\t\t\t<div class=\"elementor-column elementor-col-100 elementor-inner-column elementor-element elementor-element-d851918\" data-id=\"d851918\" data-element_type=\"column\">\n\t\t\t<div class=\"elementor-widget-wrap elementor-element-populated\">\n\t\t\t\t\t\t<div class=\"elementor-element elementor-element-f1cc263 elementor-icon-list--layout-traditional elementor-list-item-link-full_width elementor-widget elementor-widget-icon-list\" data-id=\"f1cc263\" data-element_type=\"widget\" data-widget_type=\"icon-list.default\">\n\t\t\t\t<div class=\"elementor-widget-container\">\n\t\t\t\t\t\t\t<ul class=\"elementor-icon-list-items\">\n\t\t\t\t\t\t\t<li class=\"elementor-icon-list-item\">\n\t\t\t\t\t\t\t\t\t\t\t<span class=\"elementor-icon-list-icon\">\n\t\t\t\t\t\t\t<i aria-hidden=\"true\" class=\"fas fa-check-circle\"><\/i>\t\t\t\t\t\t<\/span>\n\t\t\t\t\t\t\t\t\t\t<span class=\"elementor-icon-list-text\">Barevn\u00e9 i \u010dernob\u00edl\u00e9 v\u00fdkresy<\/span>\n\t\t\t\t\t\t\t\t\t<\/li>\n\t\t\t\t\t\t\t\t<li class=\"elementor-icon-list-item\">\n\t\t\t\t\t\t\t\t\t\t\t<span class=\"elementor-icon-list-icon\">\n\t\t\t\t\t\t\t<i aria-hidden=\"true\" class=\"fas fa-check-circle\"><\/i>\t\t\t\t\t\t<\/span>\n\t\t\t\t\t\t\t\t\t\t<span class=\"elementor-icon-list-text\">\u0160\u00ed\u0159ka a\u017e 1118 mm, d\u00e9lka prakticky neomezen\u00e1<\/span>\n\t\t\t\t\t\t\t\t\t<\/li>\n\t\t\t\t\t\t\t\t<li class=\"elementor-icon-list-item\">\n\t\t\t\t\t\t\t\t\t\t\t<span class=\"elementor-icon-list-icon\">\n\t\t\t\t\t\t\t<i aria-hidden=\"true\" class=\"fas fa-check-circle\"><\/i>\t\t\t\t\t\t<\/span>\n\t\t\t\t\t\t\t\t\t\t<span class=\"elementor-icon-list-text\">Tlou\u0161\u0165ka dokumentu do 2 mm<\/span>\n\t\t\t\t\t\t\t\t\t<\/li>\n\t\t\t\t\t\t\t\t<li class=\"elementor-icon-list-item\">\n\t\t\t\t\t\t\t\t\t\t\t<span class=\"elementor-icon-list-icon\">\n\t\t\t\t\t\t\t<i aria-hidden=\"true\" class=\"fas fa-check-circle\"><\/i>\t\t\t\t\t\t<\/span>\n\t\t\t\t\t\t\t\t\t\t<span class=\"elementor-icon-list-text\">Skenov\u00e1n\u00ed na plocho \u2013 bez po\u0161kozen\u00ed origin\u00e1lu<\/span>\n\t\t\t\t\t\t\t\t\t<\/li>\n\t\t\t\t\t\t<\/ul>\n\t\t\t\t\t\t<\/div>\n\t\t\t\t<\/div>\n\t\t\t\t\t<\/div>\n\t\t<\/div>\n\t\t\t\t\t<\/div>\n\t\t<\/section>\n\t\t\t\t<div class=\"elementor-element elementor-element-ea55238 elementor-widget elementor-widget-text-editor\" data-id=\"ea55238\" data-element_type=\"widget\" data-widget_type=\"text-editor.default\">\n\t\t\t\t<div class=\"elementor-widget-container\">\n\t\t\t\t\t\t\t\t\t<p><strong>Mo\u017enosti roz\u0161\u00ed\u0159en\u00ed slu\u017eby<\/strong><\/p>\t\t\t\t\t\t\t\t<\/div>\n\t\t\t\t<\/div>\n\t\t\t\t<div class=\"elementor-element elementor-element-4c8ae0a elementor-icon-list--layout-traditional elementor-list-item-link-full_width elementor-widget elementor-widget-icon-list\" data-id=\"4c8ae0a\" data-element_type=\"widget\" data-widget_type=\"icon-list.default\">\n\t\t\t\t<div class=\"elementor-widget-container\">\n\t\t\t\t\t\t\t<ul class=\"elementor-icon-list-items\">\n\t\t\t\t\t\t\t<li class=\"elementor-icon-list-item\">\n\t\t\t\t\t\t\t\t\t\t\t<span class=\"elementor-icon-list-icon\">\n\t\t\t\t\t\t\t<i aria-hidden=\"true\" class=\"fas fa-check-circle\"><\/i>\t\t\t\t\t\t<\/span>\n\t\t\t\t\t\t\t\t\t\t<span class=\"elementor-icon-list-text\">Indexace podle n\u00e1zv\u016f, projekt\u016f, \u010d\u00edsel nebo lokalit<\/span>\n\t\t\t\t\t\t\t\t\t<\/li>\n\t\t\t\t\t\t\t\t<li class=\"elementor-icon-list-item\">\n\t\t\t\t\t\t\t\t\t\t\t<span class=\"elementor-icon-list-icon\">\n\t\t\t\t\t\t\t<i aria-hidden=\"true\" class=\"fas fa-check-circle\"><\/i>\t\t\t\t\t\t<\/span>\n\t\t\t\t\t\t\t\t\t\t<span class=\"elementor-icon-list-text\">Dod\u00e1n\u00ed p\u0159epravn\u00edch krabic a organizace v\u00fdkres\u016f<\/span>\n\t\t\t\t\t\t\t\t\t<\/li>\n\t\t\t\t\t\t\t\t<li class=\"elementor-icon-list-item\">\n\t\t\t\t\t\t\t\t\t\t\t<span class=\"elementor-icon-list-icon\">\n\t\t\t\t\t\t\t<i aria-hidden=\"true\" class=\"fas fa-check-circle\"><\/i>\t\t\t\t\t\t<\/span>\n\t\t\t\t\t\t\t\t\t\t<span class=\"elementor-icon-list-text\">Vyzvednut\u00ed a zp\u011btn\u00e9 doru\u010den\u00ed dokumentace<\/span>\n\t\t\t\t\t\t\t\t\t<\/li>\n\t\t\t\t\t\t\t\t<li class=\"elementor-icon-list-item\">\n\t\t\t\t\t\t\t\t\t\t\t<span class=\"elementor-icon-list-icon\">\n\t\t\t\t\t\t\t<i aria-hidden=\"true\" class=\"fas fa-check-circle\"><\/i>\t\t\t\t\t\t<\/span>\n\t\t\t\t\t\t\t\t\t\t<span class=\"elementor-icon-list-text\">Skartace nadbyte\u010dn\u00fdch nebo duplicitn\u00edch v\u00fdkres\u016f<\/span>\n\t\t\t\t\t\t\t\t\t<\/li>\n\t\t\t\t\t\t<\/ul>\n\t\t\t\t\t\t<\/div>\n\t\t\t\t<\/div>\n\t\t\t\t\t<\/div>\n\t\t<\/div>\n\t\t\t\t\t<\/div>\n\t\t<\/section>\n\t\t\t\t<section class=\"elementor-section elementor-top-section elementor-element elementor-element-84d251e elementor-section-stretched contactus elementor-section-boxed elementor-section-height-default elementor-section-height-default\" data-id=\"84d251e\" data-element_type=\"section\" data-settings=\"{&quot;stretch_section&quot;:&quot;section-stretched&quot;,&quot;background_background&quot;:&quot;classic&quot;}\">\n\t\t\t\t\t\t<div class=\"elementor-container elementor-column-gap-no\">\n\t\t\t\t\t<div class=\"elementor-column elementor-col-100 elementor-top-column elementor-element elementor-element-6d85fa9\" data-id=\"6d85fa9\" data-element_type=\"column\">\n\t\t\t<div class=\"elementor-widget-wrap elementor-element-populated\">\n\t\t\t\t\t\t<div class=\"elementor-element elementor-element-8051c2d elementor-widget elementor-widget-rinbuild_calltoaction3\" data-id=\"8051c2d\" data-element_type=\"widget\" data-widget_type=\"rinbuild_calltoaction3.default\">\n\t\t\t\t<div class=\"elementor-widget-container\">\n\t\t\t\t\t<section class=\"call-to-action-four\">\n\t<div class=\"auto-container\">\n\t\t<div class=\"inner clearfix\">\n\t\t\t<div class=\"image-layer\" style=\"background-image: url(https:\/\/nupseso.sk\/wp-content\/uploads\/2025\/06\/2024-11-Nupseso-2K-16.jpg);\"><\/div>\n\t\t\t<div class=\"content\">\n\t\t\t\t<h2>Zaujaly v\u00e1s na\u0161e slu\u017eby? Napi\u0161te n\u00e1m a z\u00edskejte nab\u00eddku na m\u00edru.\n\n<\/h2>\n\t\t\t\t<a class=\"newbt btn-one\" href=\"\/cs\/kontakt\/#form\">M\u00e1m z\u00e1jem<\/a>\n\t\t\t<\/div>\n\t\t\t<div class=\"icon-box23\"><\/div>\n\t\t<\/div>\n\t<\/div>\n<\/section>\n\t\t\t\t\t\t<\/div>\n\t\t\t\t<\/div>\n\t\t\t\t\t<\/div>\n\t\t<\/div>\n\t\t\t\t\t<\/div>\n\t\t<\/section>\n\t\t\t\t<\/div>","protected":false},"excerpt":{"rendered":"<p>Skenov\u00e1n\u00ed v\u00fdkres\u016f Zorientujte se ve va\u0161\u00ed projektov\u00e9 dokumentaci M\u00e1te archiv pln\u00fd pap\u00edrov\u00fdch v\u00fdkres\u016f, kter\u00e9 zab\u00edraj\u00ed m\u00edsto a komplikuj\u00ed pr\u00e1ci? Zdigitalizujeme va\u0161i v\u00fdkresovou dokumentaci pomoc\u00ed \u0161pi\u010dkov\u00fdch skener\u016f, abyste m\u011bli v\u0161e p\u0159ehledn\u00e9, dostupn\u00e9 a p\u0159ipraven\u00e9 k dal\u0161\u00edmu vyu\u017eit\u00ed. Co v\u00e1m digitalizace v\u00fdkres\u016f p\u0159inese? \u00dasporu m\u00edsta a n\u00e1klad\u016f na skladov\u00e1n\u00ed Rychl\u00e9 vyhled\u00e1v\u00e1n\u00ed v\u00fdkres\u016f podle projektu, \u010d\u00edsla \u010di [\u2026]<\/p>","protected":false},"author":1,"featured_media":0,"parent":0,"menu_order":0,"comment_status":"closed","ping_status":"closed","template":"tpl-default-elementor.php","meta":{"_monsterinsights_skip_tracking":false,"_monsterinsights_sitenote_active":false,"_monsterinsights_sitenote_note":"","_monsterinsights_sitenote_category":0,"footnotes":""},"class_list":["post-7696","page","type-page","status-publish","hentry"],"yoast_head":"<!-- This site is optimized with the Yoast SEO plugin v25.3.1 - https:\/\/yoast.com\/wordpress\/plugins\/seo\/ -->\n<title>V\u00fdkresy a technick\u00e1 dokument\u00e1cia - nupseso.sk<\/title>\n<meta name=\"description\" content=\"Digitaliz\u00e1cia v\u00fdkresov na mieru pre firmy. Preh\u013eadn\u00e1 technick\u00e1 dokument\u00e1cia. Skenovanie ve\u013ekoform\u00e1tov\u00fdch v\u00fdkresov bez po\u0161kodenia origin\u00e1lov.\" \/>\n<meta name=\"robots\" content=\"index, follow, max-snippet:-1, max-image-preview:large, max-video-preview:-1\" \/>\n<link rel=\"canonical\" href=\"https:\/\/nupseso.sk\/cs\/vykresy-a-technicka-dokumentacia\/\" \/>\n<meta property=\"og:locale\" content=\"cs_CZ\" \/>\n<meta property=\"og:type\" content=\"article\" \/>\n<meta property=\"og:title\" content=\"V\u00fdkresy a technick\u00e1 dokument\u00e1cia - nupseso.sk\" \/>\n<meta property=\"og:description\" content=\"Digitaliz\u00e1cia v\u00fdkresov na mieru pre firmy. Preh\u013eadn\u00e1 technick\u00e1 dokument\u00e1cia. Skenovanie ve\u013ekoform\u00e1tov\u00fdch v\u00fdkresov bez po\u0161kodenia origin\u00e1lov.\" \/>\n<meta property=\"og:url\" content=\"https:\/\/nupseso.sk\/cs\/vykresy-a-technicka-dokumentacia\/\" \/>\n<meta property=\"og:site_name\" content=\"nupseso.sk\" \/>\n<meta property=\"article:modified_time\" content=\"2026-02-03T07:05:17+00:00\" \/>\n<meta property=\"og:image\" content=\"https:\/\/nupseso.visibly.sk\/wp-content\/uploads\/2025\/07\/2024-11-Nupseso-2K-26.png\" \/>\n<meta name=\"twitter:card\" content=\"summary_large_image\" \/>\n<meta name=\"twitter:label1\" content=\"Odhadovan\u00e1 doba \u010dten\u00ed\" \/>\n\t<meta name=\"twitter:data1\" content=\"2 minuty\" \/>\n<script type=\"application\/ld+json\" class=\"yoast-schema-graph\">{\"@context\":\"https:\/\/schema.org\",\"@graph\":[{\"@type\":\"WebPage\",\"@id\":\"https:\/\/nupseso.sk\/vykresy-a-technicka-dokumentacia\/\",\"url\":\"https:\/\/nupseso.sk\/vykresy-a-technicka-dokumentacia\/\",\"name\":\"V\u00fdkresy a technick\u00e1 dokument\u00e1cia - nupseso.sk\",\"isPartOf\":{\"@id\":\"https:\/\/nupseso.sk\/#website\"},\"primaryImageOfPage\":{\"@id\":\"https:\/\/nupseso.sk\/vykresy-a-technicka-dokumentacia\/#primaryimage\"},\"image\":{\"@id\":\"https:\/\/nupseso.sk\/vykresy-a-technicka-dokumentacia\/#primaryimage\"},\"thumbnailUrl\":\"https:\/\/nupseso.visibly.sk\/wp-content\/uploads\/2025\/07\/2024-11-Nupseso-2K-26.png\",\"datePublished\":\"2025-06-03T06:20:50+00:00\",\"dateModified\":\"2026-02-03T07:05:17+00:00\",\"description\":\"Digitaliz\u00e1cia v\u00fdkresov na mieru pre firmy. Preh\u013eadn\u00e1 technick\u00e1 dokument\u00e1cia. Skenovanie ve\u013ekoform\u00e1tov\u00fdch v\u00fdkresov bez po\u0161kodenia origin\u00e1lov.\",\"breadcrumb\":{\"@id\":\"https:\/\/nupseso.sk\/vykresy-a-technicka-dokumentacia\/#breadcrumb\"},\"inLanguage\":\"cs\",\"potentialAction\":[{\"@type\":\"ReadAction\",\"target\":[\"https:\/\/nupseso.sk\/vykresy-a-technicka-dokumentacia\/\"]}]},{\"@type\":\"ImageObject\",\"inLanguage\":\"cs\",\"@id\":\"https:\/\/nupseso.sk\/vykresy-a-technicka-dokumentacia\/#primaryimage\",\"url\":\"https:\/\/nupseso.visibly.sk\/wp-content\/uploads\/2025\/07\/2024-11-Nupseso-2K-26.png\",\"contentUrl\":\"https:\/\/nupseso.visibly.sk\/wp-content\/uploads\/2025\/07\/2024-11-Nupseso-2K-26.png\"},{\"@type\":\"BreadcrumbList\",\"@id\":\"https:\/\/nupseso.sk\/vykresy-a-technicka-dokumentacia\/#breadcrumb\",\"itemListElement\":[{\"@type\":\"ListItem\",\"position\":1,\"name\":\"Domov\",\"item\":\"https:\/\/nupseso.sk\/\"},{\"@type\":\"ListItem\",\"position\":2,\"name\":\"V\u00fdkresy a technick\u00e1 dokument\u00e1cia\"}]},{\"@type\":\"WebSite\",\"@id\":\"https:\/\/nupseso.sk\/#website\",\"url\":\"https:\/\/nupseso.sk\/\",\"name\":\"nupseso.sk\",\"description\":\"\",\"publisher\":{\"@id\":\"https:\/\/nupseso.sk\/#organization\"},\"potentialAction\":[{\"@type\":\"SearchAction\",\"target\":{\"@type\":\"EntryPoint\",\"urlTemplate\":\"https:\/\/nupseso.sk\/?s={search_term_string}\"},\"query-input\":{\"@type\":\"PropertyValueSpecification\",\"valueRequired\":true,\"valueName\":\"search_term_string\"}}],\"inLanguage\":\"cs\"},{\"@type\":\"Organization\",\"@id\":\"https:\/\/nupseso.sk\/#organization\",\"name\":\"nupseso.sk\",\"url\":\"https:\/\/nupseso.sk\/\",\"logo\":{\"@type\":\"ImageObject\",\"inLanguage\":\"cs\",\"@id\":\"https:\/\/nupseso.sk\/#\/schema\/logo\/image\/\",\"url\":\"https:\/\/nupseso.sk\/wp-content\/uploads\/2020\/02\/logo.png\",\"contentUrl\":\"https:\/\/nupseso.sk\/wp-content\/uploads\/2020\/02\/logo.png\",\"width\":129,\"height\":50,\"caption\":\"nupseso.sk\"},\"image\":{\"@id\":\"https:\/\/nupseso.sk\/#\/schema\/logo\/image\/\"}}]}<\/script>\n<!-- \/ Yoast SEO plugin. -->","yoast_head_json":{"title":"V\u00fdkresy a technick\u00e1 dokument\u00e1cia - nupseso.sk","description":"Digitaliz\u00e1cia v\u00fdkresov na mieru pre firmy. Preh\u013eadn\u00e1 technick\u00e1 dokument\u00e1cia. Skenovanie ve\u013ekoform\u00e1tov\u00fdch v\u00fdkresov bez po\u0161kodenia origin\u00e1lov.","robots":{"index":"index","follow":"follow","max-snippet":"max-snippet:-1","max-image-preview":"max-image-preview:large","max-video-preview":"max-video-preview:-1"},"canonical":"https:\/\/nupseso.sk\/cs\/vykresy-a-technicka-dokumentacia\/","og_locale":"cs_CZ","og_type":"article","og_title":"V\u00fdkresy a technick\u00e1 dokument\u00e1cia - nupseso.sk","og_description":"Digitaliz\u00e1cia v\u00fdkresov na mieru pre firmy. Preh\u013eadn\u00e1 technick\u00e1 dokument\u00e1cia. Skenovanie ve\u013ekoform\u00e1tov\u00fdch v\u00fdkresov bez po\u0161kodenia origin\u00e1lov.","og_url":"https:\/\/nupseso.sk\/cs\/vykresy-a-technicka-dokumentacia\/","og_site_name":"nupseso.sk","article_modified_time":"2026-02-03T07:05:17+00:00","og_image":[{"url":"https:\/\/nupseso.visibly.sk\/wp-content\/uploads\/2025\/07\/2024-11-Nupseso-2K-26.png","type":"","width":"","height":""}],"twitter_card":"summary_large_image","twitter_misc":{"Odhadovan\u00e1 doba \u010dten\u00ed":"2 minuty"},"schema":{"@context":"https:\/\/schema.org","@graph":[{"@type":"WebPage","@id":"https:\/\/nupseso.sk\/vykresy-a-technicka-dokumentacia\/","url":"https:\/\/nupseso.sk\/vykresy-a-technicka-dokumentacia\/","name":"V\u00fdkresy a technick\u00e1 dokument\u00e1cia - nupseso.sk","isPartOf":{"@id":"https:\/\/nupseso.sk\/#website"},"primaryImageOfPage":{"@id":"https:\/\/nupseso.sk\/vykresy-a-technicka-dokumentacia\/#primaryimage"},"image":{"@id":"https:\/\/nupseso.sk\/vykresy-a-technicka-dokumentacia\/#primaryimage"},"thumbnailUrl":"https:\/\/nupseso.visibly.sk\/wp-content\/uploads\/2025\/07\/2024-11-Nupseso-2K-26.png","datePublished":"2025-06-03T06:20:50+00:00","dateModified":"2026-02-03T07:05:17+00:00","description":"Digitaliz\u00e1cia v\u00fdkresov na mieru pre firmy. Preh\u013eadn\u00e1 technick\u00e1 dokument\u00e1cia. Skenovanie ve\u013ekoform\u00e1tov\u00fdch v\u00fdkresov bez po\u0161kodenia origin\u00e1lov.","breadcrumb":{"@id":"https:\/\/nupseso.sk\/vykresy-a-technicka-dokumentacia\/#breadcrumb"},"inLanguage":"cs","potentialAction":[{"@type":"ReadAction","target":["https:\/\/nupseso.sk\/vykresy-a-technicka-dokumentacia\/"]}]},{"@type":"ImageObject","inLanguage":"cs","@id":"https:\/\/nupseso.sk\/vykresy-a-technicka-dokumentacia\/#primaryimage","url":"https:\/\/nupseso.visibly.sk\/wp-content\/uploads\/2025\/07\/2024-11-Nupseso-2K-26.png","contentUrl":"https:\/\/nupseso.visibly.sk\/wp-content\/uploads\/2025\/07\/2024-11-Nupseso-2K-26.png"},{"@type":"BreadcrumbList","@id":"https:\/\/nupseso.sk\/vykresy-a-technicka-dokumentacia\/#breadcrumb","itemListElement":[{"@type":"ListItem","position":1,"name":"Domov","item":"https:\/\/nupseso.sk\/"},{"@type":"ListItem","position":2,"name":"V\u00fdkresy a technick\u00e1 dokument\u00e1cia"}]},{"@type":"WebSite","@id":"https:\/\/nupseso.sk\/#website","url":"https:\/\/nupseso.sk\/","name":"nupseso.sk","description":"","publisher":{"@id":"https:\/\/nupseso.sk\/#organization"},"potentialAction":[{"@type":"SearchAction","target":{"@type":"EntryPoint","urlTemplate":"https:\/\/nupseso.sk\/?s={search_term_string}"},"query-input":{"@type":"PropertyValueSpecification","valueRequired":true,"valueName":"search_term_string"}}],"inLanguage":"cs"},{"@type":"Organization","@id":"https:\/\/nupseso.sk\/#organization","name":"nupseso.sk","url":"https:\/\/nupseso.sk\/","logo":{"@type":"ImageObject","inLanguage":"cs","@id":"https:\/\/nupseso.sk\/#\/schema\/logo\/image\/","url":"https:\/\/nupseso.sk\/wp-content\/uploads\/2020\/02\/logo.png","contentUrl":"https:\/\/nupseso.sk\/wp-content\/uploads\/2020\/02\/logo.png","width":129,"height":50,"caption":"nupseso.sk"},"image":{"@id":"https:\/\/nupseso.sk\/#\/schema\/logo\/image\/"}}]}},"_links":{"self":[{"href":"https:\/\/nupseso.sk\/cs\/wp-json\/wp\/v2\/pages\/7696","targetHints":{"allow":["GET"]}}],"collection":[{"href":"https:\/\/nupseso.sk\/cs\/wp-json\/wp\/v2\/pages"}],"about":[{"href":"https:\/\/nupseso.sk\/cs\/wp-json\/wp\/v2\/types\/page"}],"author":[{"embeddable":true,"href":"https:\/\/nupseso.sk\/cs\/wp-json\/wp\/v2\/users\/1"}],"replies":[{"embeddable":true,"href":"https:\/\/nupseso.sk\/cs\/wp-json\/wp\/v2\/comments?post=7696"}],"version-history":[{"count":38,"href":"https:\/\/nupseso.sk\/cs\/wp-json\/wp\/v2\/pages\/7696\/revisions"}],"predecessor-version":[{"id":9152,"href":"https:\/\/nupseso.sk\/cs\/wp-json\/wp\/v2\/pages\/7696\/revisions\/9152"}],"wp:attachment":[{"href":"https:\/\/nupseso.sk\/cs\/wp-json\/wp\/v2\/media?parent=7696"}],"curies":[{"name":"wp","href":"https:\/\/api.w.org\/{rel}","templated":true}]}}