{"id":7709,"date":"2025-06-03T06:33:02","date_gmt":"2025-06-03T06:33:02","guid":{"rendered":"https:\/\/nupseso.visibly.sk\/?page_id=7709"},"modified":"2025-10-24T06:56:42","modified_gmt":"2025-10-24T06:56:42","slug":"o-nas","status":"publish","type":"page","link":"https:\/\/nupseso.sk\/cs\/o-nas\/","title":{"rendered":"O n\u00e1s"},"content":{"rendered":"<div data-elementor-type=\"wp-page\" data-elementor-id=\"7709\" class=\"elementor elementor-7709\" data-elementor-post-type=\"page\">\n\t\t\t\t\t\t<section class=\"elementor-section elementor-top-section elementor-element elementor-element-4a55a4b elementor-section-stretched elementor-section-full_width elementor-section-height-default elementor-section-height-default\" data-id=\"4a55a4b\" data-element_type=\"section\" data-settings=\"{&quot;stretch_section&quot;:&quot;section-stretched&quot;}\">\n\t\t\t\t\t\t<div class=\"elementor-container elementor-column-gap-no\">\n\t\t\t\t\t<div class=\"elementor-column elementor-col-100 elementor-top-column elementor-element elementor-element-458476f\" data-id=\"458476f\" data-element_type=\"column\">\n\t\t\t<div class=\"elementor-widget-wrap elementor-element-populated\">\n\t\t\t\t\t\t<div class=\"elementor-element elementor-element-8d3a890 elementor-widget elementor-widget-rinbuild_services_details\" data-id=\"8d3a890\" data-element_type=\"widget\" data-widget_type=\"rinbuild_services_details.default\">\n\t\t\t\t<div class=\"elementor-widget-container\">\n\t\t\t\t\t<section class=\"service-imagegalley-area\">\n    <div class=\"container\">\n        <div class=\"row\">\n            <div class=\"col-xl-12\">\n                <div class=\"top-single-service\">\n                    <div class=\"left\">\n                        \n\t\t\t\t\t\t\t\t\t\t\t\t<div class=\"icon\">\n                            <img decoding=\"async\" src=\"https:\/\/nupseso.sk\/wp-content\/uploads\/2020\/04\/a.png\" alt=\"\">    \n                        <\/div>\n\t\t\t\t\t\t\t\t\t\t\t\t\n                        <h2>O spole\u010dnosti <br>NUPSESO, a.s.<\/h2>\n                    <\/div>\n                    <div class=\"right\">\n                        <p>Historie firmy <b>NUPSESO<\/b> se za\u010d\u00edn\u00e1 ps\u00e1t v roce 1992 s p\u016fvodn\u00edm zam\u011b\u0159en\u00edm na poskytov\u00e1n\u00ed in\u017een\u00fdrsk\u00fdch a poradensk\u00fdch slu\u017eeb v oblasti jadern\u00e9 energetiky (<b>NU<\/b>clear <b>P<\/b>roblems <b>SE<\/b>rvices &amp; <b>SO<\/b>lutions) jako dodavatel p\u0159i v\u00fdstavb\u011b a spou\u0161t\u011bn\u00ed prvn\u00edch dvou blok\u016f JE Mochovce a p\u0159i rekonstrukci JE v Jaslovsk\u00fdch Bohunic\u00edch.<\/p>\n                    <\/div>\n                <\/div>\n                \n\t\t\t\t\t\t\t\t<div class=\"single-service-big-image\">\n                    <img decoding=\"async\" src=\"https:\/\/nupseso.sk\/wp-content\/uploads\/2025\/06\/2024-11-Nupseso-2K-16.jpg\" alt=\"\">\n                <\/div>\n\t\t\t\t\t\t\t\t\n                <div class=\"single-service-image\">\n                    <div class=\"row\">\n                       \n                        \t\t\t\t\t\t\n\t\t\t\t\t\t<div class=\"col-xl-3 col-lg-3 col-md-3\">\n                            \n\t\t\t\t\t\t\t\t\t\t\t\t\t\t\n                        <\/div>\n                        \n\t\t\t\t\t\t                    <\/div>   \n                <\/div>\n                <div class=\"single-service-text-box\">\n                    <p>Od roku 1998 se p\u016fsoben\u00ed firmy zam\u011b\u0159ilo na oblast modern\u00edch informa\u010dn\u00edch technologi\u00ed, se specializac\u00ed na digitalizaci dokument\u016f, vyt\u011b\u017eov\u00e1n\u00ed dat ze skenovan\u00fdch dokument\u016f a jejich zp\u0159\u00edstupn\u011bn\u00ed v editovateln\u00e9m textov\u00e9m form\u00e1tu.<br><br>\nSpolupracujeme s partnersk\u00fdmi spole\u010dnostmi jako jsou ABBYY (sv\u011btov\u00fd l\u00eddr v oblasti optick\u00e9ho rozpozn\u00e1v\u00e1n\u00ed znak\u016f), Kodak (jeden z nejzn\u00e1m\u011bj\u0161\u00edch v\u00fdrobc\u016f skener\u016f a skenovac\u00edch softwar\u016f) a ASSY (dlouholet\u00fd \u0161v\u00fdcarsk\u00fd v\u00fdrobce kni\u017en\u00edch skener\u016f).<\/p>\n                    <p class=\"mar0\"><b>Co nab\u00edz\u00edme:<\/b><br>\n\n- Zam\u011b\u0159ujeme se na digitalizaci dokument\u016f a jejich indexaci, skenujeme cel\u00e9 archivy dokument\u016f, v\u00fdkres\u016f, knih, kronik, z\u00e1v\u011bre\u010dn\u00fdch prac\u00ed, zdravotn\u00edch z\u00e1znam\u016f, technick\u00e9 a stavebn\u00ed dokumentace a pod.<br>\n- Ze skenovan\u00fdch dokument\u016f z\u00edsk\u00e1v\u00e1me pot\u0159ebn\u00e1 data, zpracov\u00e1v\u00e1me formul\u00e1\u0159e, dotazn\u00edky, testy, vyt\u011b\u017eujeme flexibiln\u00ed \u00fadaje z faktur, objedn\u00e1vek a jin\u00fdch dokument\u016f. V\u011bt\u0161\u00edm z\u00e1kazn\u00edk\u016fm um\u00edme zajistit denn\u00ed digitalizaci do\u0161l\u00e9 po\u0161ty, rozt\u0159\u00edd\u011bn\u00ed dokument\u016f a jejich import do elektronick\u00fdch syst\u00e9m\u016f z\u00e1kazn\u00edka v dob\u011b do 24 hodin p\u0159\u00edpadn\u011b i m\u00e9n\u011b.<br>\n- V\u0161echny \u010dinnosti prov\u00e1d\u00edme v nejvy\u0161\u0161\u00ed kvalit\u011b a bezpe\u010dnosti dle pot\u0159eb z\u00e1kazn\u00edka a v souladu s aktu\u00e1ln\u00edmi normami ISO 9001, ISO 14001 a ISO 27001. \n<br><br>\nNa\u0161e planeta n\u00e1m nen\u00ed lhostejn\u00e1. A\u017e 1\/3 elektrick\u00e9 energie si vyr\u00e1b\u00edme ve vlastn\u00ed <a href=\"https:\/\/global.solaxcloud.com\/blue\/#\/public\/share\/data-screen\/?shareCode=f34d5d9bdf5e45278cb0faced5e1e90e&domain=https:\/\/euapi.solaxcloud.com\" target=\"_blank\"><strong>FVE<\/strong><\/a>. Udr\u017eitelnost je pro n\u00e1s v\u00edc ne\u017e jen slovo \u2013 je to z\u00e1vazek, kter\u00fd p\u0159etavujeme do ka\u017edodenn\u00edch rozhodnut\u00ed.\n \n<br><br>\n<b>Na\u0161\u00edm hlavn\u00edm c\u00edlem je p\u0159izp\u016fsoben\u00ed se pot\u0159eb\u00e1m z\u00e1kazn\u00edka a poskytnut\u00ed slu\u017eby k jeho naprost\u00e9 spokojenosti - kvalitn\u011b, spolehliv\u011b, rychle a bezpe\u010dn\u011b.<\/b><\/p>\n                <\/div>\n            <\/div>    \n        <\/div>\n    <\/div>    \n<\/section>\n\t\t\t\t\t\t<\/div>\n\t\t\t\t<\/div>\n\t\t\t\t\t<\/div>\n\t\t<\/div>\n\t\t\t\t\t<\/div>\n\t\t<\/section>\n\t\t\t\t<\/div>","protected":false},"excerpt":{"rendered":"<p>O spole\u010dnosti NUPSESO, as Historie firmy NUPSESO se odv\u00edj\u00ed od roku 1992 s p\u016fvodn\u00edm zam\u011b\u0159en\u00edm na poskytov\u00e1n\u00ed in\u017een\u00fdrsk\u00fdch a poradensk\u00fdch slu\u017eeb v jadern\u00e9 energetice (NUclear Problems SErvices &amp; SOlutions) jako dodavatele na v\u00fdstavb\u011b a spou\u0161t\u011bn\u00ed prvn\u00edch dvou blok\u016f JE Mochovce a rekonstrukc\u00ed. Od roku 1998 se p\u016fsoben\u00ed firmy zam\u011b\u0159ilo na oblast [\u2026]<\/p>","protected":false},"author":1,"featured_media":0,"parent":0,"menu_order":0,"comment_status":"closed","ping_status":"closed","template":"tpl-default-elementor.php","meta":{"_monsterinsights_skip_tracking":false,"_monsterinsights_sitenote_active":false,"_monsterinsights_sitenote_note":"","_monsterinsights_sitenote_category":0,"footnotes":""},"class_list":["post-7709","page","type-page","status-publish","hentry"],"yoast_head":"<!-- This site is optimized with the Yoast SEO plugin v25.3.1 - https:\/\/yoast.com\/wordpress\/plugins\/seo\/ -->\n<title>O n\u00e1s - nupseso.sk<\/title>\n<meta name=\"robots\" content=\"index, follow, max-snippet:-1, max-image-preview:large, max-video-preview:-1\" \/>\n<link rel=\"canonical\" href=\"https:\/\/nupseso.sk\/cs\/o-nas\/\" \/>\n<meta property=\"og:locale\" content=\"cs_CZ\" \/>\n<meta property=\"og:type\" content=\"article\" \/>\n<meta property=\"og:title\" content=\"O n\u00e1s - nupseso.sk\" \/>\n<meta property=\"og:description\" content=\"O spolo\u010dnosti NUPSESO, a.s. Hist\u00f3ria firmy NUPSESO sa odv\u00edja od roku 1992 s p\u00f4vodn\u00fdm zameran\u00edm na poskytovanie in\u017einierskych a poradensk\u00fdch slu\u017eieb v jadrovej energetike (NUclear Problems SErvices &#038; SOlutions) ako dod\u00e1vate\u013ea na v\u00fdstavbe a sp\u00fa\u0161\u0165an\u00ed prv\u00fdch dvoch blokov JE Mochovce a rekon\u0161trukcii JE v Jaslovsk\u00fdch Bohuniciach. Od roku 1998 sa p\u00f4sobenie firmy zameralo na oblas\u0165 [&hellip;]\" \/>\n<meta property=\"og:url\" content=\"https:\/\/nupseso.sk\/cs\/o-nas\/\" \/>\n<meta property=\"og:site_name\" content=\"nupseso.sk\" \/>\n<meta property=\"article:modified_time\" content=\"2025-10-24T06:56:42+00:00\" \/>\n<meta property=\"og:image\" content=\"https:\/\/nupseso.sk\/wp-content\/uploads\/2020\/04\/a.png\" \/>\n<meta name=\"twitter:card\" content=\"summary_large_image\" \/>\n<meta name=\"twitter:label1\" content=\"Odhadovan\u00e1 doba \u010dten\u00ed\" \/>\n\t<meta name=\"twitter:data1\" content=\"2 minuty\" \/>\n<script type=\"application\/ld+json\" class=\"yoast-schema-graph\">{\"@context\":\"https:\/\/schema.org\",\"@graph\":[{\"@type\":\"WebPage\",\"@id\":\"https:\/\/nupseso.sk\/o-nas\/\",\"url\":\"https:\/\/nupseso.sk\/o-nas\/\",\"name\":\"O n\u00e1s - nupseso.sk\",\"isPartOf\":{\"@id\":\"https:\/\/nupseso.sk\/#website\"},\"primaryImageOfPage\":{\"@id\":\"https:\/\/nupseso.sk\/o-nas\/#primaryimage\"},\"image\":{\"@id\":\"https:\/\/nupseso.sk\/o-nas\/#primaryimage\"},\"thumbnailUrl\":\"https:\/\/nupseso.sk\/wp-content\/uploads\/2020\/04\/a.png\",\"datePublished\":\"2025-06-03T06:33:02+00:00\",\"dateModified\":\"2025-10-24T06:56:42+00:00\",\"breadcrumb\":{\"@id\":\"https:\/\/nupseso.sk\/o-nas\/#breadcrumb\"},\"inLanguage\":\"cs\",\"potentialAction\":[{\"@type\":\"ReadAction\",\"target\":[\"https:\/\/nupseso.sk\/o-nas\/\"]}]},{\"@type\":\"ImageObject\",\"inLanguage\":\"cs\",\"@id\":\"https:\/\/nupseso.sk\/o-nas\/#primaryimage\",\"url\":\"https:\/\/nupseso.sk\/wp-content\/uploads\/2020\/04\/a.png\",\"contentUrl\":\"https:\/\/nupseso.sk\/wp-content\/uploads\/2020\/04\/a.png\"},{\"@type\":\"BreadcrumbList\",\"@id\":\"https:\/\/nupseso.sk\/o-nas\/#breadcrumb\",\"itemListElement\":[{\"@type\":\"ListItem\",\"position\":1,\"name\":\"Domov\",\"item\":\"https:\/\/nupseso.sk\/\"},{\"@type\":\"ListItem\",\"position\":2,\"name\":\"O n\u00e1s\"}]},{\"@type\":\"WebSite\",\"@id\":\"https:\/\/nupseso.sk\/#website\",\"url\":\"https:\/\/nupseso.sk\/\",\"name\":\"nupseso.sk\",\"description\":\"\",\"publisher\":{\"@id\":\"https:\/\/nupseso.sk\/#organization\"},\"potentialAction\":[{\"@type\":\"SearchAction\",\"target\":{\"@type\":\"EntryPoint\",\"urlTemplate\":\"https:\/\/nupseso.sk\/?s={search_term_string}\"},\"query-input\":{\"@type\":\"PropertyValueSpecification\",\"valueRequired\":true,\"valueName\":\"search_term_string\"}}],\"inLanguage\":\"cs\"},{\"@type\":\"Organization\",\"@id\":\"https:\/\/nupseso.sk\/#organization\",\"name\":\"nupseso.sk\",\"url\":\"https:\/\/nupseso.sk\/\",\"logo\":{\"@type\":\"ImageObject\",\"inLanguage\":\"cs\",\"@id\":\"https:\/\/nupseso.sk\/#\/schema\/logo\/image\/\",\"url\":\"https:\/\/nupseso.sk\/wp-content\/uploads\/2020\/02\/logo.png\",\"contentUrl\":\"https:\/\/nupseso.sk\/wp-content\/uploads\/2020\/02\/logo.png\",\"width\":129,\"height\":50,\"caption\":\"nupseso.sk\"},\"image\":{\"@id\":\"https:\/\/nupseso.sk\/#\/schema\/logo\/image\/\"}}]}<\/script>\n<!-- \/ Yoast SEO plugin. -->","yoast_head_json":{"title":"O n\u00e1s - nupseso.sk","robots":{"index":"index","follow":"follow","max-snippet":"max-snippet:-1","max-image-preview":"max-image-preview:large","max-video-preview":"max-video-preview:-1"},"canonical":"https:\/\/nupseso.sk\/cs\/o-nas\/","og_locale":"cs_CZ","og_type":"article","og_title":"O n\u00e1s - nupseso.sk","og_description":"O spolo\u010dnosti NUPSESO, a.s. Hist\u00f3ria firmy NUPSESO sa odv\u00edja od roku 1992 s p\u00f4vodn\u00fdm zameran\u00edm na poskytovanie in\u017einierskych a poradensk\u00fdch slu\u017eieb v jadrovej energetike (NUclear Problems SErvices &#038; SOlutions) ako dod\u00e1vate\u013ea na v\u00fdstavbe a sp\u00fa\u0161\u0165an\u00ed prv\u00fdch dvoch blokov JE Mochovce a rekon\u0161trukcii JE v Jaslovsk\u00fdch Bohuniciach. Od roku 1998 sa p\u00f4sobenie firmy zameralo na oblas\u0165 [&hellip;]","og_url":"https:\/\/nupseso.sk\/cs\/o-nas\/","og_site_name":"nupseso.sk","article_modified_time":"2025-10-24T06:56:42+00:00","og_image":[{"url":"https:\/\/nupseso.sk\/wp-content\/uploads\/2020\/04\/a.png","type":"","width":"","height":""}],"twitter_card":"summary_large_image","twitter_misc":{"Odhadovan\u00e1 doba \u010dten\u00ed":"2 minuty"},"schema":{"@context":"https:\/\/schema.org","@graph":[{"@type":"WebPage","@id":"https:\/\/nupseso.sk\/o-nas\/","url":"https:\/\/nupseso.sk\/o-nas\/","name":"O n\u00e1s - nupseso.sk","isPartOf":{"@id":"https:\/\/nupseso.sk\/#website"},"primaryImageOfPage":{"@id":"https:\/\/nupseso.sk\/o-nas\/#primaryimage"},"image":{"@id":"https:\/\/nupseso.sk\/o-nas\/#primaryimage"},"thumbnailUrl":"https:\/\/nupseso.sk\/wp-content\/uploads\/2020\/04\/a.png","datePublished":"2025-06-03T06:33:02+00:00","dateModified":"2025-10-24T06:56:42+00:00","breadcrumb":{"@id":"https:\/\/nupseso.sk\/o-nas\/#breadcrumb"},"inLanguage":"cs","potentialAction":[{"@type":"ReadAction","target":["https:\/\/nupseso.sk\/o-nas\/"]}]},{"@type":"ImageObject","inLanguage":"cs","@id":"https:\/\/nupseso.sk\/o-nas\/#primaryimage","url":"https:\/\/nupseso.sk\/wp-content\/uploads\/2020\/04\/a.png","contentUrl":"https:\/\/nupseso.sk\/wp-content\/uploads\/2020\/04\/a.png"},{"@type":"BreadcrumbList","@id":"https:\/\/nupseso.sk\/o-nas\/#breadcrumb","itemListElement":[{"@type":"ListItem","position":1,"name":"Domov","item":"https:\/\/nupseso.sk\/"},{"@type":"ListItem","position":2,"name":"O n\u00e1s"}]},{"@type":"WebSite","@id":"https:\/\/nupseso.sk\/#website","url":"https:\/\/nupseso.sk\/","name":"nupseso.sk","description":"","publisher":{"@id":"https:\/\/nupseso.sk\/#organization"},"potentialAction":[{"@type":"SearchAction","target":{"@type":"EntryPoint","urlTemplate":"https:\/\/nupseso.sk\/?s={search_term_string}"},"query-input":{"@type":"PropertyValueSpecification","valueRequired":true,"valueName":"search_term_string"}}],"inLanguage":"cs"},{"@type":"Organization","@id":"https:\/\/nupseso.sk\/#organization","name":"nupseso.sk","url":"https:\/\/nupseso.sk\/","logo":{"@type":"ImageObject","inLanguage":"cs","@id":"https:\/\/nupseso.sk\/#\/schema\/logo\/image\/","url":"https:\/\/nupseso.sk\/wp-content\/uploads\/2020\/02\/logo.png","contentUrl":"https:\/\/nupseso.sk\/wp-content\/uploads\/2020\/02\/logo.png","width":129,"height":50,"caption":"nupseso.sk"},"image":{"@id":"https:\/\/nupseso.sk\/#\/schema\/logo\/image\/"}}]}},"_links":{"self":[{"href":"https:\/\/nupseso.sk\/cs\/wp-json\/wp\/v2\/pages\/7709","targetHints":{"allow":["GET"]}}],"collection":[{"href":"https:\/\/nupseso.sk\/cs\/wp-json\/wp\/v2\/pages"}],"about":[{"href":"https:\/\/nupseso.sk\/cs\/wp-json\/wp\/v2\/types\/page"}],"author":[{"embeddable":true,"href":"https:\/\/nupseso.sk\/cs\/wp-json\/wp\/v2\/users\/1"}],"replies":[{"embeddable":true,"href":"https:\/\/nupseso.sk\/cs\/wp-json\/wp\/v2\/comments?post=7709"}],"version-history":[{"count":37,"href":"https:\/\/nupseso.sk\/cs\/wp-json\/wp\/v2\/pages\/7709\/revisions"}],"predecessor-version":[{"id":9322,"href":"https:\/\/nupseso.sk\/cs\/wp-json\/wp\/v2\/pages\/7709\/revisions\/9322"}],"wp:attachment":[{"href":"https:\/\/nupseso.sk\/cs\/wp-json\/wp\/v2\/media?parent=7709"}],"curies":[{"name":"wp","href":"https:\/\/api.w.org\/{rel}","templated":true}]}}