{"id":8596,"date":"2025-06-25T05:29:50","date_gmt":"2025-06-25T05:29:50","guid":{"rendered":"https:\/\/nupseso.visibly.sk\/?page_id=8596"},"modified":"2026-04-23T11:27:12","modified_gmt":"2026-04-23T11:27:12","slug":"certifikaty","status":"publish","type":"page","link":"https:\/\/nupseso.sk\/cs\/certifikaty\/","title":{"rendered":"Certifik\u00e1ty"},"content":{"rendered":"<div data-elementor-type=\"wp-page\" data-elementor-id=\"8596\" class=\"elementor elementor-8596\" data-elementor-post-type=\"page\">\n\t\t\t\t\t\t<section class=\"elementor-section elementor-top-section elementor-element elementor-element-3c0e77f cert elementor-section-boxed elementor-section-height-default elementor-section-height-default\" data-id=\"3c0e77f\" data-element_type=\"section\">\n\t\t\t\t\t\t<div class=\"elementor-container elementor-column-gap-default\">\n\t\t\t\t\t<div class=\"elementor-column elementor-col-100 elementor-top-column elementor-element elementor-element-7db5977\" data-id=\"7db5977\" data-element_type=\"column\">\n\t\t\t<div class=\"elementor-widget-wrap elementor-element-populated\">\n\t\t\t\t\t\t<div class=\"elementor-element elementor-element-14cb1df gallery-spacing-custom elementor-widget elementor-widget-image-gallery\" data-id=\"14cb1df\" data-element_type=\"widget\" data-widget_type=\"image-gallery.default\">\n\t\t\t\t<div class=\"elementor-widget-container\">\n\t\t\t\t\t\t\t<div class=\"elementor-image-gallery\">\n\t\t\t<div id='gallery-1' class='gallery galleryid-8596 gallery-columns-5 gallery-size-medium'><figure class='gallery-item'>\n\t\t\t<div class='gallery-icon portrait'>\n\t\t\t\t<a data-elementor-open-lightbox=\"yes\" data-elementor-lightbox-slideshow=\"14cb1df\" data-elementor-lightbox-title=\"ISO_9001_2015-2027\" data-e-action-hash=\"#elementor-action%3Aaction%3Dlightbox%26settings%3DeyJpZCI6OTM4MCwidXJsIjoiaHR0cHM6XC9cL251cHNlc28uc2tcL3dwLWNvbnRlbnRcL3VwbG9hZHNcLzIwMjZcLzA0XC9JU09fOTAwMV8yMDE1LTIwMjcuanBnIiwic2xpZGVzaG93IjoiMTRjYjFkZiJ9\" href='https:\/\/nupseso.sk\/wp-content\/uploads\/2026\/04\/ISO_9001_2015-2027.jpg'><img fetchpriority=\"high\" decoding=\"async\" width=\"212\" height=\"300\" src=\"https:\/\/nupseso.sk\/wp-content\/uploads\/2026\/04\/ISO_9001_2015-2027-212x300.jpg\" class=\"attachment-medium size-medium\" alt=\"\" srcset=\"https:\/\/nupseso.sk\/wp-content\/uploads\/2026\/04\/ISO_9001_2015-2027-212x300.jpg 212w, https:\/\/nupseso.sk\/wp-content\/uploads\/2026\/04\/ISO_9001_2015-2027-724x1024.jpg 724w, https:\/\/nupseso.sk\/wp-content\/uploads\/2026\/04\/ISO_9001_2015-2027-768x1086.jpg 768w, https:\/\/nupseso.sk\/wp-content\/uploads\/2026\/04\/ISO_9001_2015-2027-8x12.jpg 8w, https:\/\/nupseso.sk\/wp-content\/uploads\/2026\/04\/ISO_9001_2015-2027.jpg 800w\" sizes=\"(max-width: 212px) 100vw, 212px\" \/><\/a>\n\t\t\t<\/div><\/figure><figure class='gallery-item'>\n\t\t\t<div class='gallery-icon portrait'>\n\t\t\t\t<a data-elementor-open-lightbox=\"yes\" data-elementor-lightbox-slideshow=\"14cb1df\" data-elementor-lightbox-title=\"ISO_14001_2015-2027\" data-e-action-hash=\"#elementor-action%3Aaction%3Dlightbox%26settings%3DeyJpZCI6OTM3OSwidXJsIjoiaHR0cHM6XC9cL251cHNlc28uc2tcL3dwLWNvbnRlbnRcL3VwbG9hZHNcLzIwMjZcLzA0XC9JU09fMTQwMDFfMjAxNS0yMDI3LmpwZyIsInNsaWRlc2hvdyI6IjE0Y2IxZGYifQ%3D%3D\" href='https:\/\/nupseso.sk\/wp-content\/uploads\/2026\/04\/ISO_14001_2015-2027.jpg'><img decoding=\"async\" width=\"213\" height=\"300\" src=\"https:\/\/nupseso.sk\/wp-content\/uploads\/2026\/04\/ISO_14001_2015-2027-213x300.jpg\" class=\"attachment-medium size-medium\" alt=\"\" srcset=\"https:\/\/nupseso.sk\/wp-content\/uploads\/2026\/04\/ISO_14001_2015-2027-213x300.jpg 213w, https:\/\/nupseso.sk\/wp-content\/uploads\/2026\/04\/ISO_14001_2015-2027-726x1024.jpg 726w, https:\/\/nupseso.sk\/wp-content\/uploads\/2026\/04\/ISO_14001_2015-2027-768x1083.jpg 768w, https:\/\/nupseso.sk\/wp-content\/uploads\/2026\/04\/ISO_14001_2015-2027-9x12.jpg 9w, https:\/\/nupseso.sk\/wp-content\/uploads\/2026\/04\/ISO_14001_2015-2027.jpg 802w\" sizes=\"(max-width: 213px) 100vw, 213px\" \/><\/a>\n\t\t\t<\/div><\/figure><figure class='gallery-item'>\n\t\t\t<div class='gallery-icon portrait'>\n\t\t\t\t<a data-elementor-open-lightbox=\"yes\" data-elementor-lightbox-slideshow=\"14cb1df\" data-elementor-lightbox-title=\"Certifikat_ISO_27001\" data-e-action-hash=\"#elementor-action%3Aaction%3Dlightbox%26settings%3DeyJpZCI6ODYwMSwidXJsIjoiaHR0cHM6XC9cL251cHNlc28uc2tcL3dwLWNvbnRlbnRcL3VwbG9hZHNcLzIwMjVcLzA2XC9DZXJ0aWZpa2F0X0lTT18yNzAwMS5qcGciLCJzbGlkZXNob3ciOiIxNGNiMWRmIn0%3D\" href='https:\/\/nupseso.sk\/wp-content\/uploads\/2025\/08\/bbbb-2.png'><img decoding=\"async\" width=\"212\" height=\"300\" src=\"https:\/\/nupseso.sk\/wp-content\/uploads\/2025\/08\/bbbb.png\" class=\"attachment-medium size-medium\" alt=\"\" sizes=\"(max-width: 212px) 100vw, 212px\" \/><\/a>\n\t\t\t<\/div><\/figure><figure class='gallery-item'>\n\t\t\t<div class='gallery-icon portrait'>\n\t\t\t\t<a data-elementor-open-lightbox=\"yes\" data-elementor-lightbox-slideshow=\"14cb1df\" data-elementor-lightbox-title=\"Certifikat_ASSY_SA_2025-2026\" data-e-action-hash=\"#elementor-action%3Aaction%3Dlightbox%26settings%3DeyJpZCI6ODc1OSwidXJsIjoiaHR0cHM6XC9cL251cHNlc28uc2tcL3dwLWNvbnRlbnRcL3VwbG9hZHNcLzIwMjVcLzA3XC9DZXJ0aWZpa2F0X0FTU1lfU0FfMjAyNS0yMDI2LmpwZyIsInNsaWRlc2hvdyI6IjE0Y2IxZGYifQ%3D%3D\" href='https:\/\/nupseso.sk\/wp-content\/uploads\/2025\/08\/bbbb-3.png'><img loading=\"lazy\" decoding=\"async\" width=\"212\" height=\"300\" src=\"https:\/\/nupseso.sk\/wp-content\/uploads\/2025\/08\/bbbb.png\" class=\"attachment-medium size-medium\" alt=\"\" sizes=\"(max-width: 212px) 100vw, 212px\" \/><\/a>\n\t\t\t<\/div><\/figure><figure class='gallery-item'>\n\t\t\t<div class='gallery-icon portrait'>\n\t\t\t\t<a data-elementor-open-lightbox=\"yes\" data-elementor-lightbox-slideshow=\"14cb1df\" data-elementor-lightbox-title=\"Nupseso a.s._Partner Confirmation Letter_1-6_2025\" data-e-action-hash=\"#elementor-action%3Aaction%3Dlightbox%26settings%3DeyJpZCI6ODYwMywidXJsIjoiaHR0cHM6XC9cL251cHNlc28uc2tcL3dwLWNvbnRlbnRcL3VwbG9hZHNcLzIwMjVcLzA2XC9OdXBzZXNvLWEucy5fUGFydG5lci1Db25maXJtYXRpb24tTGV0dGVyXzEtNl8yMDI1LmpwZyIsInNsaWRlc2hvdyI6IjE0Y2IxZGYifQ%3D%3D\" href='https:\/\/nupseso.sk\/wp-content\/uploads\/2025\/08\/bbbb-3.png'><img loading=\"lazy\" decoding=\"async\" width=\"212\" height=\"300\" src=\"https:\/\/nupseso.sk\/wp-content\/uploads\/2025\/08\/bbbb.png\" class=\"attachment-medium size-medium\" alt=\"\" sizes=\"(max-width: 212px) 100vw, 212px\" \/><\/a>\n\t\t\t<\/div><\/figure>\n\t\t<\/div>\n\t\t<\/div>\n\t\t\t\t\t\t<\/div>\n\t\t\t\t<\/div>\n\t\t\t\t\t<\/div>\n\t\t<\/div>\n\t\t\t\t\t<\/div>\n\t\t<\/section>\n\t\t\t\t<\/div>","protected":false},"excerpt":{"rendered":"","protected":false},"author":1,"featured_media":0,"parent":0,"menu_order":0,"comment_status":"closed","ping_status":"closed","template":"tpl-default-elementor.php","meta":{"_monsterinsights_skip_tracking":false,"_monsterinsights_sitenote_active":false,"_monsterinsights_sitenote_note":"","_monsterinsights_sitenote_category":0,"footnotes":""},"class_list":["post-8596","page","type-page","status-publish","hentry"],"yoast_head":"<!-- This site is optimized with the Yoast SEO plugin v25.3.1 - https:\/\/yoast.com\/wordpress\/plugins\/seo\/ -->\n<title>Certifik\u00e1ty - nupseso.sk<\/title>\n<meta name=\"robots\" content=\"index, follow, max-snippet:-1, max-image-preview:large, max-video-preview:-1\" \/>\n<link rel=\"canonical\" href=\"https:\/\/nupseso.sk\/cs\/certifikaty\/\" \/>\n<meta property=\"og:locale\" content=\"cs_CZ\" \/>\n<meta property=\"og:type\" content=\"article\" \/>\n<meta property=\"og:title\" content=\"Certifik\u00e1ty - nupseso.sk\" \/>\n<meta property=\"og:url\" content=\"https:\/\/nupseso.sk\/cs\/certifikaty\/\" \/>\n<meta property=\"og:site_name\" content=\"nupseso.sk\" \/>\n<meta property=\"article:modified_time\" content=\"2026-04-23T11:27:12+00:00\" \/>\n<meta property=\"og:image\" content=\"https:\/\/nupseso.sk\/wp-content\/uploads\/2026\/04\/ISO_9001_2015-2027-212x300.jpg\" \/>\n<meta name=\"twitter:card\" content=\"summary_large_image\" \/>\n<meta name=\"twitter:label1\" content=\"Odhadovan\u00e1 doba \u010dten\u00ed\" \/>\n\t<meta name=\"twitter:data1\" content=\"1 minuta\" \/>\n<script type=\"application\/ld+json\" class=\"yoast-schema-graph\">{\"@context\":\"https:\/\/schema.org\",\"@graph\":[{\"@type\":\"WebPage\",\"@id\":\"https:\/\/nupseso.sk\/certifikaty\/\",\"url\":\"https:\/\/nupseso.sk\/certifikaty\/\",\"name\":\"Certifik\u00e1ty - nupseso.sk\",\"isPartOf\":{\"@id\":\"https:\/\/nupseso.sk\/#website\"},\"primaryImageOfPage\":{\"@id\":\"https:\/\/nupseso.sk\/certifikaty\/#primaryimage\"},\"image\":{\"@id\":\"https:\/\/nupseso.sk\/certifikaty\/#primaryimage\"},\"thumbnailUrl\":\"https:\/\/nupseso.sk\/wp-content\/uploads\/2026\/04\/ISO_9001_2015-2027-212x300.jpg\",\"datePublished\":\"2025-06-25T05:29:50+00:00\",\"dateModified\":\"2026-04-23T11:27:12+00:00\",\"breadcrumb\":{\"@id\":\"https:\/\/nupseso.sk\/certifikaty\/#breadcrumb\"},\"inLanguage\":\"cs\",\"potentialAction\":[{\"@type\":\"ReadAction\",\"target\":[\"https:\/\/nupseso.sk\/certifikaty\/\"]}]},{\"@type\":\"ImageObject\",\"inLanguage\":\"cs\",\"@id\":\"https:\/\/nupseso.sk\/certifikaty\/#primaryimage\",\"url\":\"https:\/\/nupseso.sk\/wp-content\/uploads\/2026\/04\/ISO_9001_2015-2027-212x300.jpg\",\"contentUrl\":\"https:\/\/nupseso.sk\/wp-content\/uploads\/2026\/04\/ISO_9001_2015-2027-212x300.jpg\"},{\"@type\":\"BreadcrumbList\",\"@id\":\"https:\/\/nupseso.sk\/certifikaty\/#breadcrumb\",\"itemListElement\":[{\"@type\":\"ListItem\",\"position\":1,\"name\":\"Domov\",\"item\":\"https:\/\/nupseso.sk\/\"},{\"@type\":\"ListItem\",\"position\":2,\"name\":\"Certifik\u00e1ty\"}]},{\"@type\":\"WebSite\",\"@id\":\"https:\/\/nupseso.sk\/#website\",\"url\":\"https:\/\/nupseso.sk\/\",\"name\":\"nupseso.sk\",\"description\":\"\",\"publisher\":{\"@id\":\"https:\/\/nupseso.sk\/#organization\"},\"potentialAction\":[{\"@type\":\"SearchAction\",\"target\":{\"@type\":\"EntryPoint\",\"urlTemplate\":\"https:\/\/nupseso.sk\/?s={search_term_string}\"},\"query-input\":{\"@type\":\"PropertyValueSpecification\",\"valueRequired\":true,\"valueName\":\"search_term_string\"}}],\"inLanguage\":\"cs\"},{\"@type\":\"Organization\",\"@id\":\"https:\/\/nupseso.sk\/#organization\",\"name\":\"nupseso.sk\",\"url\":\"https:\/\/nupseso.sk\/\",\"logo\":{\"@type\":\"ImageObject\",\"inLanguage\":\"cs\",\"@id\":\"https:\/\/nupseso.sk\/#\/schema\/logo\/image\/\",\"url\":\"https:\/\/nupseso.sk\/wp-content\/uploads\/2020\/02\/logo.png\",\"contentUrl\":\"https:\/\/nupseso.sk\/wp-content\/uploads\/2020\/02\/logo.png\",\"width\":129,\"height\":50,\"caption\":\"nupseso.sk\"},\"image\":{\"@id\":\"https:\/\/nupseso.sk\/#\/schema\/logo\/image\/\"}}]}<\/script>\n<!-- \/ Yoast SEO plugin. -->","yoast_head_json":{"title":"Certifik\u00e1ty - nupseso.sk","robots":{"index":"index","follow":"follow","max-snippet":"max-snippet:-1","max-image-preview":"max-image-preview:large","max-video-preview":"max-video-preview:-1"},"canonical":"https:\/\/nupseso.sk\/cs\/certifikaty\/","og_locale":"cs_CZ","og_type":"article","og_title":"Certifik\u00e1ty - nupseso.sk","og_url":"https:\/\/nupseso.sk\/cs\/certifikaty\/","og_site_name":"nupseso.sk","article_modified_time":"2026-04-23T11:27:12+00:00","og_image":[{"url":"https:\/\/nupseso.sk\/wp-content\/uploads\/2026\/04\/ISO_9001_2015-2027-212x300.jpg","type":"","width":"","height":""}],"twitter_card":"summary_large_image","twitter_misc":{"Odhadovan\u00e1 doba \u010dten\u00ed":"1 minuta"},"schema":{"@context":"https:\/\/schema.org","@graph":[{"@type":"WebPage","@id":"https:\/\/nupseso.sk\/certifikaty\/","url":"https:\/\/nupseso.sk\/certifikaty\/","name":"Certifik\u00e1ty - nupseso.sk","isPartOf":{"@id":"https:\/\/nupseso.sk\/#website"},"primaryImageOfPage":{"@id":"https:\/\/nupseso.sk\/certifikaty\/#primaryimage"},"image":{"@id":"https:\/\/nupseso.sk\/certifikaty\/#primaryimage"},"thumbnailUrl":"https:\/\/nupseso.sk\/wp-content\/uploads\/2026\/04\/ISO_9001_2015-2027-212x300.jpg","datePublished":"2025-06-25T05:29:50+00:00","dateModified":"2026-04-23T11:27:12+00:00","breadcrumb":{"@id":"https:\/\/nupseso.sk\/certifikaty\/#breadcrumb"},"inLanguage":"cs","potentialAction":[{"@type":"ReadAction","target":["https:\/\/nupseso.sk\/certifikaty\/"]}]},{"@type":"ImageObject","inLanguage":"cs","@id":"https:\/\/nupseso.sk\/certifikaty\/#primaryimage","url":"https:\/\/nupseso.sk\/wp-content\/uploads\/2026\/04\/ISO_9001_2015-2027-212x300.jpg","contentUrl":"https:\/\/nupseso.sk\/wp-content\/uploads\/2026\/04\/ISO_9001_2015-2027-212x300.jpg"},{"@type":"BreadcrumbList","@id":"https:\/\/nupseso.sk\/certifikaty\/#breadcrumb","itemListElement":[{"@type":"ListItem","position":1,"name":"Domov","item":"https:\/\/nupseso.sk\/"},{"@type":"ListItem","position":2,"name":"Certifik\u00e1ty"}]},{"@type":"WebSite","@id":"https:\/\/nupseso.sk\/#website","url":"https:\/\/nupseso.sk\/","name":"nupseso.sk","description":"","publisher":{"@id":"https:\/\/nupseso.sk\/#organization"},"potentialAction":[{"@type":"SearchAction","target":{"@type":"EntryPoint","urlTemplate":"https:\/\/nupseso.sk\/?s={search_term_string}"},"query-input":{"@type":"PropertyValueSpecification","valueRequired":true,"valueName":"search_term_string"}}],"inLanguage":"cs"},{"@type":"Organization","@id":"https:\/\/nupseso.sk\/#organization","name":"nupseso.sk","url":"https:\/\/nupseso.sk\/","logo":{"@type":"ImageObject","inLanguage":"cs","@id":"https:\/\/nupseso.sk\/#\/schema\/logo\/image\/","url":"https:\/\/nupseso.sk\/wp-content\/uploads\/2020\/02\/logo.png","contentUrl":"https:\/\/nupseso.sk\/wp-content\/uploads\/2020\/02\/logo.png","width":129,"height":50,"caption":"nupseso.sk"},"image":{"@id":"https:\/\/nupseso.sk\/#\/schema\/logo\/image\/"}}]}},"_links":{"self":[{"href":"https:\/\/nupseso.sk\/cs\/wp-json\/wp\/v2\/pages\/8596","targetHints":{"allow":["GET"]}}],"collection":[{"href":"https:\/\/nupseso.sk\/cs\/wp-json\/wp\/v2\/pages"}],"about":[{"href":"https:\/\/nupseso.sk\/cs\/wp-json\/wp\/v2\/types\/page"}],"author":[{"embeddable":true,"href":"https:\/\/nupseso.sk\/cs\/wp-json\/wp\/v2\/users\/1"}],"replies":[{"embeddable":true,"href":"https:\/\/nupseso.sk\/cs\/wp-json\/wp\/v2\/comments?post=8596"}],"version-history":[{"count":40,"href":"https:\/\/nupseso.sk\/cs\/wp-json\/wp\/v2\/pages\/8596\/revisions"}],"predecessor-version":[{"id":9383,"href":"https:\/\/nupseso.sk\/cs\/wp-json\/wp\/v2\/pages\/8596\/revisions\/9383"}],"wp:attachment":[{"href":"https:\/\/nupseso.sk\/cs\/wp-json\/wp\/v2\/media?parent=8596"}],"curies":[{"name":"wp","href":"https:\/\/api.w.org\/{rel}","templated":true}]}}