{"id":7709,"date":"2025-06-03T06:33:02","date_gmt":"2025-06-03T06:33:02","guid":{"rendered":"https:\/\/nupseso.visibly.sk\/?page_id=7709"},"modified":"2025-10-24T06:56:42","modified_gmt":"2025-10-24T06:56:42","slug":"o-nas","status":"publish","type":"page","link":"https:\/\/nupseso.sk\/en\/o-nas\/","title":{"rendered":"About us"},"content":{"rendered":"<div data-elementor-type=\"wp-page\" data-elementor-id=\"7709\" class=\"elementor elementor-7709\" data-elementor-post-type=\"page\">\n\t\t\t\t\t\t<section class=\"elementor-section elementor-top-section elementor-element elementor-element-4a55a4b elementor-section-stretched elementor-section-full_width elementor-section-height-default elementor-section-height-default\" data-id=\"4a55a4b\" data-element_type=\"section\" data-settings=\"{&quot;stretch_section&quot;:&quot;section-stretched&quot;}\">\n\t\t\t\t\t\t<div class=\"elementor-container elementor-column-gap-no\">\n\t\t\t\t\t<div class=\"elementor-column elementor-col-100 elementor-top-column elementor-element elementor-element-458476f\" data-id=\"458476f\" data-element_type=\"column\">\n\t\t\t<div class=\"elementor-widget-wrap elementor-element-populated\">\n\t\t\t\t\t\t<div class=\"elementor-element elementor-element-8d3a890 elementor-widget elementor-widget-rinbuild_services_details\" data-id=\"8d3a890\" data-element_type=\"widget\" data-widget_type=\"rinbuild_services_details.default\">\n\t\t\t\t<div class=\"elementor-widget-container\">\n\t\t\t\t\t<section class=\"service-imagegalley-area\">\n    <div class=\"container\">\n        <div class=\"row\">\n            <div class=\"col-xl-12\">\n                <div class=\"top-single-service\">\n                    <div class=\"left\">\n                        \n\t\t\t\t\t\t\t\t\t\t\t\t<div class=\"icon\">\n                            <img decoding=\"async\" src=\"https:\/\/nupseso.sk\/wp-content\/uploads\/2020\/04\/a.png\" alt=\"\">    \n                        <\/div>\n\t\t\t\t\t\t\t\t\t\t\t\t\n                        <h2>Company <br>NUPSESO, as<\/h2>\n                    <\/div>\n                    <div class=\"right\">\n                        <p>The history of <b>NUPSESO<\/b> dates back to 1992, originally focusing on providing engineering and consulting services in the field of nuclear energy<b>NU<\/b>clear <b>P<\/b>problems <b>SE<\/b>services &amp; <b>SO<\/b>lutions), acting as a supplier during the construction and commissioning of the first two units of the Mochovce Nuclear Power Plant and the reconstruction of the Jaslovsk\u00e9 Bohunice Nuclear Power Plant.<\/p>\n                    <\/div>\n                <\/div>\n                \n\t\t\t\t\t\t\t\t<div class=\"single-service-big-image\">\n                    <img decoding=\"async\" src=\"https:\/\/nupseso.sk\/wp-content\/uploads\/2025\/06\/2024-11-Nupseso-2K-16.jpg\" alt=\"\">\n                <\/div>\n\t\t\t\t\t\t\t\t\n                <div class=\"single-service-image\">\n                    <div class=\"row\">\n                       \n                        \t\t\t\t\t\t\n\t\t\t\t\t\t<div class=\"col-xl-3 col-lg-3 col-md-3\">\n                            \n\t\t\t\t\t\t\t\t\t\t\t\t\t\t\n                        <\/div>\n                        \n\t\t\t\t\t\t                    <\/div>   \n                <\/div>\n                <div class=\"single-service-text-box\">\n                    <p>Since 1998, the company&#039;s operations have focused on the field of modern information technologies, specializing in document digitization, data extraction from scanned documents and their availability in editable text format.<br><br>\nWe cooperate with partner companies such as ABBYY (a world leader in optical character recognition), Kodak (one of the most well-known manufacturers of scanners and scanning software), and ASSY (a long-standing Swiss manufacturer of book scanners).<\/p>\n                    <p class=\"mar0\"><b>What we offer:<\/b><br>\n\n- We focus on document digitization and indexing, scanning entire archives of documents, drawings, books, chronicles, final theses, medical records, technical and construction documentation, etc.<br>\n- We obtain the necessary data from scanned documents, process forms, questionnaires, tests, extract flexible data from invoices, orders and other documents. For larger customers, we can provide daily digitization of incoming mail, sorting of documents and their import into the customer&#039;s electronic systems within 24 hours or even less.<br>\n- We perform all activities with the highest quality and safety according to customer needs and in accordance with current ISO 9001, ISO 14001 and ISO 27001 standards. \n<br><br>\nWe are not indifferent to our planet. We produce up to 1\/3 of our electricity in our own <a href=\"https:\/\/global.solaxcloud.com\/blue\/#\/public\/share\/data-screen\/?shareCode=f34d5d9bdf5e45278cb0faced5e1e90e&domain=https:\/\/euapi.solaxcloud.com\" target=\"_blank\"><strong>PV<\/strong><\/a>Sustainability is more than just a word for us \u2013 it is a commitment that we translate into everyday decisions.\n \n<br><br>\n<b>Our main goal is to adapt to the customer&#039;s needs and provide a service to their absolute satisfaction - with quality, reliability, speed and safety.<\/b><\/p>\n                <\/div>\n            <\/div>    \n        <\/div>\n    <\/div>    \n<\/section>\n\t\t\t\t\t\t<\/div>\n\t\t\t\t<\/div>\n\t\t\t\t\t<\/div>\n\t\t<\/div>\n\t\t\t\t\t<\/div>\n\t\t<\/section>\n\t\t\t\t<\/div>","protected":false},"excerpt":{"rendered":"<p>About NUPSESO, as The history of NUPSESO dates back to 1992, with the original focus on providing engineering and consulting services in nuclear energy (NUclear Problems SErvices &amp; SOlutions) as a supplier for the construction and commissioning of the first two units of the Mochovce NPP and the reconstruction of the Jaslovsk\u00e9 Bohunice NPP. Since 1998, the company has focused on the area [\u2026]<\/p>","protected":false},"author":1,"featured_media":0,"parent":0,"menu_order":0,"comment_status":"closed","ping_status":"closed","template":"tpl-default-elementor.php","meta":{"_monsterinsights_skip_tracking":false,"_monsterinsights_sitenote_active":false,"_monsterinsights_sitenote_note":"","_monsterinsights_sitenote_category":0,"footnotes":""},"class_list":["post-7709","page","type-page","status-publish","hentry"],"yoast_head":"<!-- This site is optimized with the Yoast SEO plugin v25.3.1 - https:\/\/yoast.com\/wordpress\/plugins\/seo\/ -->\n<title>O n\u00e1s - nupseso.sk<\/title>\n<meta name=\"robots\" content=\"index, follow, max-snippet:-1, max-image-preview:large, max-video-preview:-1\" \/>\n<link rel=\"canonical\" href=\"https:\/\/nupseso.sk\/en\/o-nas\/\" \/>\n<meta property=\"og:locale\" content=\"en_US\" \/>\n<meta property=\"og:type\" content=\"article\" \/>\n<meta property=\"og:title\" content=\"O n\u00e1s - nupseso.sk\" \/>\n<meta property=\"og:description\" content=\"O spolo\u010dnosti NUPSESO, a.s. Hist\u00f3ria firmy NUPSESO sa odv\u00edja od roku 1992 s p\u00f4vodn\u00fdm zameran\u00edm na poskytovanie in\u017einierskych a poradensk\u00fdch slu\u017eieb v jadrovej energetike (NUclear Problems SErvices &#038; SOlutions) ako dod\u00e1vate\u013ea na v\u00fdstavbe a sp\u00fa\u0161\u0165an\u00ed prv\u00fdch dvoch blokov JE Mochovce a rekon\u0161trukcii JE v Jaslovsk\u00fdch Bohuniciach. Od roku 1998 sa p\u00f4sobenie firmy zameralo na oblas\u0165 [&hellip;]\" \/>\n<meta property=\"og:url\" content=\"https:\/\/nupseso.sk\/en\/o-nas\/\" \/>\n<meta property=\"og:site_name\" content=\"nupseso.sk\" \/>\n<meta property=\"article:modified_time\" content=\"2025-10-24T06:56:42+00:00\" \/>\n<meta property=\"og:image\" content=\"https:\/\/nupseso.sk\/wp-content\/uploads\/2020\/04\/a.png\" \/>\n<meta name=\"twitter:card\" content=\"summary_large_image\" \/>\n<meta name=\"twitter:label1\" content=\"Est. reading time\" \/>\n\t<meta name=\"twitter:data1\" content=\"2 minutes\" \/>\n<script type=\"application\/ld+json\" class=\"yoast-schema-graph\">{\"@context\":\"https:\/\/schema.org\",\"@graph\":[{\"@type\":\"WebPage\",\"@id\":\"https:\/\/nupseso.sk\/o-nas\/\",\"url\":\"https:\/\/nupseso.sk\/o-nas\/\",\"name\":\"O n\u00e1s - nupseso.sk\",\"isPartOf\":{\"@id\":\"https:\/\/nupseso.sk\/#website\"},\"primaryImageOfPage\":{\"@id\":\"https:\/\/nupseso.sk\/o-nas\/#primaryimage\"},\"image\":{\"@id\":\"https:\/\/nupseso.sk\/o-nas\/#primaryimage\"},\"thumbnailUrl\":\"https:\/\/nupseso.sk\/wp-content\/uploads\/2020\/04\/a.png\",\"datePublished\":\"2025-06-03T06:33:02+00:00\",\"dateModified\":\"2025-10-24T06:56:42+00:00\",\"breadcrumb\":{\"@id\":\"https:\/\/nupseso.sk\/o-nas\/#breadcrumb\"},\"inLanguage\":\"en-US\",\"potentialAction\":[{\"@type\":\"ReadAction\",\"target\":[\"https:\/\/nupseso.sk\/o-nas\/\"]}]},{\"@type\":\"ImageObject\",\"inLanguage\":\"en-US\",\"@id\":\"https:\/\/nupseso.sk\/o-nas\/#primaryimage\",\"url\":\"https:\/\/nupseso.sk\/wp-content\/uploads\/2020\/04\/a.png\",\"contentUrl\":\"https:\/\/nupseso.sk\/wp-content\/uploads\/2020\/04\/a.png\"},{\"@type\":\"BreadcrumbList\",\"@id\":\"https:\/\/nupseso.sk\/o-nas\/#breadcrumb\",\"itemListElement\":[{\"@type\":\"ListItem\",\"position\":1,\"name\":\"Domov\",\"item\":\"https:\/\/nupseso.sk\/\"},{\"@type\":\"ListItem\",\"position\":2,\"name\":\"O n\u00e1s\"}]},{\"@type\":\"WebSite\",\"@id\":\"https:\/\/nupseso.sk\/#website\",\"url\":\"https:\/\/nupseso.sk\/\",\"name\":\"nupseso.sk\",\"description\":\"\",\"publisher\":{\"@id\":\"https:\/\/nupseso.sk\/#organization\"},\"potentialAction\":[{\"@type\":\"SearchAction\",\"target\":{\"@type\":\"EntryPoint\",\"urlTemplate\":\"https:\/\/nupseso.sk\/?s={search_term_string}\"},\"query-input\":{\"@type\":\"PropertyValueSpecification\",\"valueRequired\":true,\"valueName\":\"search_term_string\"}}],\"inLanguage\":\"en-US\"},{\"@type\":\"Organization\",\"@id\":\"https:\/\/nupseso.sk\/#organization\",\"name\":\"nupseso.sk\",\"url\":\"https:\/\/nupseso.sk\/\",\"logo\":{\"@type\":\"ImageObject\",\"inLanguage\":\"en-US\",\"@id\":\"https:\/\/nupseso.sk\/#\/schema\/logo\/image\/\",\"url\":\"https:\/\/nupseso.sk\/wp-content\/uploads\/2020\/02\/logo.png\",\"contentUrl\":\"https:\/\/nupseso.sk\/wp-content\/uploads\/2020\/02\/logo.png\",\"width\":129,\"height\":50,\"caption\":\"nupseso.sk\"},\"image\":{\"@id\":\"https:\/\/nupseso.sk\/#\/schema\/logo\/image\/\"}}]}<\/script>\n<!-- \/ Yoast SEO plugin. -->","yoast_head_json":{"title":"O n\u00e1s - nupseso.sk","robots":{"index":"index","follow":"follow","max-snippet":"max-snippet:-1","max-image-preview":"max-image-preview:large","max-video-preview":"max-video-preview:-1"},"canonical":"https:\/\/nupseso.sk\/en\/o-nas\/","og_locale":"en_US","og_type":"article","og_title":"O n\u00e1s - nupseso.sk","og_description":"O spolo\u010dnosti NUPSESO, a.s. Hist\u00f3ria firmy NUPSESO sa odv\u00edja od roku 1992 s p\u00f4vodn\u00fdm zameran\u00edm na poskytovanie in\u017einierskych a poradensk\u00fdch slu\u017eieb v jadrovej energetike (NUclear Problems SErvices &#038; SOlutions) ako dod\u00e1vate\u013ea na v\u00fdstavbe a sp\u00fa\u0161\u0165an\u00ed prv\u00fdch dvoch blokov JE Mochovce a rekon\u0161trukcii JE v Jaslovsk\u00fdch Bohuniciach. Od roku 1998 sa p\u00f4sobenie firmy zameralo na oblas\u0165 [&hellip;]","og_url":"https:\/\/nupseso.sk\/en\/o-nas\/","og_site_name":"nupseso.sk","article_modified_time":"2025-10-24T06:56:42+00:00","og_image":[{"url":"https:\/\/nupseso.sk\/wp-content\/uploads\/2020\/04\/a.png","type":"","width":"","height":""}],"twitter_card":"summary_large_image","twitter_misc":{"Est. reading time":"2 minutes"},"schema":{"@context":"https:\/\/schema.org","@graph":[{"@type":"WebPage","@id":"https:\/\/nupseso.sk\/o-nas\/","url":"https:\/\/nupseso.sk\/o-nas\/","name":"O n\u00e1s - nupseso.sk","isPartOf":{"@id":"https:\/\/nupseso.sk\/#website"},"primaryImageOfPage":{"@id":"https:\/\/nupseso.sk\/o-nas\/#primaryimage"},"image":{"@id":"https:\/\/nupseso.sk\/o-nas\/#primaryimage"},"thumbnailUrl":"https:\/\/nupseso.sk\/wp-content\/uploads\/2020\/04\/a.png","datePublished":"2025-06-03T06:33:02+00:00","dateModified":"2025-10-24T06:56:42+00:00","breadcrumb":{"@id":"https:\/\/nupseso.sk\/o-nas\/#breadcrumb"},"inLanguage":"en-US","potentialAction":[{"@type":"ReadAction","target":["https:\/\/nupseso.sk\/o-nas\/"]}]},{"@type":"ImageObject","inLanguage":"en-US","@id":"https:\/\/nupseso.sk\/o-nas\/#primaryimage","url":"https:\/\/nupseso.sk\/wp-content\/uploads\/2020\/04\/a.png","contentUrl":"https:\/\/nupseso.sk\/wp-content\/uploads\/2020\/04\/a.png"},{"@type":"BreadcrumbList","@id":"https:\/\/nupseso.sk\/o-nas\/#breadcrumb","itemListElement":[{"@type":"ListItem","position":1,"name":"Domov","item":"https:\/\/nupseso.sk\/"},{"@type":"ListItem","position":2,"name":"O n\u00e1s"}]},{"@type":"WebSite","@id":"https:\/\/nupseso.sk\/#website","url":"https:\/\/nupseso.sk\/","name":"nupseso.sk","description":"","publisher":{"@id":"https:\/\/nupseso.sk\/#organization"},"potentialAction":[{"@type":"SearchAction","target":{"@type":"EntryPoint","urlTemplate":"https:\/\/nupseso.sk\/?s={search_term_string}"},"query-input":{"@type":"PropertyValueSpecification","valueRequired":true,"valueName":"search_term_string"}}],"inLanguage":"en-US"},{"@type":"Organization","@id":"https:\/\/nupseso.sk\/#organization","name":"nupseso.sk","url":"https:\/\/nupseso.sk\/","logo":{"@type":"ImageObject","inLanguage":"en-US","@id":"https:\/\/nupseso.sk\/#\/schema\/logo\/image\/","url":"https:\/\/nupseso.sk\/wp-content\/uploads\/2020\/02\/logo.png","contentUrl":"https:\/\/nupseso.sk\/wp-content\/uploads\/2020\/02\/logo.png","width":129,"height":50,"caption":"nupseso.sk"},"image":{"@id":"https:\/\/nupseso.sk\/#\/schema\/logo\/image\/"}}]}},"_links":{"self":[{"href":"https:\/\/nupseso.sk\/en\/wp-json\/wp\/v2\/pages\/7709","targetHints":{"allow":["GET"]}}],"collection":[{"href":"https:\/\/nupseso.sk\/en\/wp-json\/wp\/v2\/pages"}],"about":[{"href":"https:\/\/nupseso.sk\/en\/wp-json\/wp\/v2\/types\/page"}],"author":[{"embeddable":true,"href":"https:\/\/nupseso.sk\/en\/wp-json\/wp\/v2\/users\/1"}],"replies":[{"embeddable":true,"href":"https:\/\/nupseso.sk\/en\/wp-json\/wp\/v2\/comments?post=7709"}],"version-history":[{"count":37,"href":"https:\/\/nupseso.sk\/en\/wp-json\/wp\/v2\/pages\/7709\/revisions"}],"predecessor-version":[{"id":9322,"href":"https:\/\/nupseso.sk\/en\/wp-json\/wp\/v2\/pages\/7709\/revisions\/9322"}],"wp:attachment":[{"href":"https:\/\/nupseso.sk\/en\/wp-json\/wp\/v2\/media?parent=7709"}],"curies":[{"name":"wp","href":"https:\/\/api.w.org\/{rel}","templated":true}]}}